{"id":7334,"date":"2024-06-13T03:04:20","date_gmt":"2024-06-13T03:04:20","guid":{"rendered":"https:\/\/sepro.vn\/product\/pre-sat-wiper\/"},"modified":"2024-08-13T07:47:53","modified_gmt":"2024-08-13T07:47:53","slug":"pre-sat-wiper","status":"publish","type":"product","link":"https:\/\/sepro.vn\/vi\/product\/pre-sat-wiper\/","title":{"rendered":"PRE-SAT WIPER"},"content":{"rendered":"<p>&nbsp;<\/p>\n<div id=\"eJOY__extension_root\" class=\"eJOY__extension_root_class\" style=\"all: unset;\"><\/div>\n","protected":false},"excerpt":{"rendered":"<p><span style=\"color: #18336c;\">Kh\u0103n lau v\u00f4 tr\u00f9ng c\u00f3 s\u1eb5n trong m\u1ed9t s\u1ed1 ch\u1ea5t n\u1ec1n, c\u1ea3 kh\u00f4 v\u00e0 \u01b0\u1edbt s\u1eb5n. Nh\u1eefng kh\u0103n lau n\u00e0y \u0111\u01b0\u1ee3c l\u00e0m t\u1eeb 2 lo\u1ea1i v\u1ea3i:<\/span><\/p>\n<p><span style=\"color: #18336c;\">1- V\u1ea3i kh\u00f4ng d\u1ec7t 55% cellulose v\u00e0 45% polyester. Lo\u1ea1i v\u1ea3i n\u00e0y k\u1ebft h\u1ee3p c\u00e1c \u0111\u1eb7c t\u00ednh th\u1ea5m h\u00fat cao c\u1ee7a s\u1ee3i t\u1ef1 nhi\u00ean v\u1edbi \u0111\u1ed9 s\u1ea1ch v\u00e0 \u0111\u1ed9 b\u1ec1n c\u1ee7a s\u1ee3i t\u1ed5ng h\u1ee3p. \u0110\u00f3 l\u00e0 s\u1ed1 l\u01b0\u1ee3ng h\u1ea1t v\u00e0 m\u1ee9c chi\u1ebft xu\u1ea5t .<\/span><\/p>\n<p><span style=\"color: #18336c;\">2- V\u1ea3i polyester \u0111\u01b0\u1ee3c l\u00e0m b\u1eb1ng s\u1ee3i polyester filament li\u00ean t\u1ee5c c\u00f3 \u0111\u1ed9 b\u1ec1n cao trong m\u1ed9t d\u1ec7t kim \u0111\u00f4i, kh\u00f4ng ch\u1ea1y m\u00f4 h\u00ecnh kh\u00f3a li\u00ean \u0111\u1ed9ng.<\/span><\/p>\n<p><span style=\"color: #18336c;\">2 kh\u0103n lau tr\u00ean \u0111\u01b0\u1ee3c l\u00e0m \u01b0\u1edbt tr\u01b0\u1edbc b\u1eb1ng c\u1ed3n isopropyl\/dung d\u1ecbch n\u01b0\u1edbc kh\u1eed ion \u0111\u01b0\u1ee3c l\u1ecdc \u0111\u1ebfn 0,3 \u03bcm. Kh\u0103n lau \u0111\u01b0\u1ee3c \u0111\u00f3ng g\u00f3i trong c\u00e1c g\u00f3i flex c\u00f3 th\u1ec3 \u0111\u00f3ng l\u1ea1i, th\u00f9ng l\u1eadt v\u00e0 h\u1ed9p.<\/span><\/p>\n<p><span style=\"color: #18336c;\">C\u1ea3 hai lo\u1ea1i \u0111\u1ec1u c\u00f3 th\u1ec3 \u0111\u01b0\u1ee3c kh\u1eed tr\u00f9ng b\u1eb1ng c\u00e1ch chi\u1ebfu x\u1ea1 Gamma v\u00f4 tr\u00f9ng th\u00f4ng qua ch\u1ebf bi\u1ebfn Cobalt 60.<\/span><\/p>\n<div id=\"eJOY__extension_root\" class=\"eJOY__extension_root_class\" style=\"all: unset;\"><\/div>\n","protected":false},"featured_media":6433,"comment_status":"open","ping_status":"closed","template":"","meta":[],"product_brand":[],"product_cat":[110],"product_tag":[],"class_list":{"0":"post-7334","1":"product","2":"type-product","3":"status-publish","4":"has-post-thumbnail","6":"product_cat-wiper-vi","9":"instock","10":"shipping-taxable","11":"product-type-simple"},"acf":[],"_links":{"self":[{"href":"https:\/\/sepro.vn\/vi\/wp-json\/wp\/v2\/product\/7334","targetHints":{"allow":["GET"]}}],"collection":[{"href":"https:\/\/sepro.vn\/vi\/wp-json\/wp\/v2\/product"}],"about":[{"href":"https:\/\/sepro.vn\/vi\/wp-json\/wp\/v2\/types\/product"}],"replies":[{"embeddable":true,"href":"https:\/\/sepro.vn\/vi\/wp-json\/wp\/v2\/comments?post=7334"}],"version-history":[{"count":2,"href":"https:\/\/sepro.vn\/vi\/wp-json\/wp\/v2\/product\/7334\/revisions"}],"predecessor-version":[{"id":7336,"href":"https:\/\/sepro.vn\/vi\/wp-json\/wp\/v2\/product\/7334\/revisions\/7336"}],"wp:featuredmedia":[{"embeddable":true,"href":"https:\/\/sepro.vn\/vi\/wp-json\/wp\/v2\/media\/6433"}],"wp:attachment":[{"href":"https:\/\/sepro.vn\/vi\/wp-json\/wp\/v2\/media?parent=7334"}],"wp:term":[{"taxonomy":"product_brand","embeddable":true,"href":"https:\/\/sepro.vn\/vi\/wp-json\/wp\/v2\/product_brand?post=7334"},{"taxonomy":"product_cat","embeddable":true,"href":"https:\/\/sepro.vn\/vi\/wp-json\/wp\/v2\/product_cat?post=7334"},{"taxonomy":"product_tag","embeddable":true,"href":"https:\/\/sepro.vn\/vi\/wp-json\/wp\/v2\/product_tag?post=7334"}],"curies":[{"name":"wp","href":"https:\/\/api.w.org\/{rel}","templated":true}]}}