{"id":7322,"date":"2024-06-14T04:01:58","date_gmt":"2024-06-14T04:01:58","guid":{"rendered":"https:\/\/sepro.vn\/product\/absorbent-materials-pad\/"},"modified":"2024-08-13T07:21:03","modified_gmt":"2024-08-13T07:21:03","slug":"absorbent-materials-pad","status":"publish","type":"product","link":"https:\/\/sepro.vn\/vi\/product\/absorbent-materials-pad\/","title":{"rendered":"T\u1ea4M TH\u1ea4M HO\u00c1 CH\u1ea4T"},"content":{"rendered":"<p>&nbsp;<\/p>\n<div id=\"eJOY__extension_root\" class=\"eJOY__extension_root_class\" style=\"all: unset;\"><\/div>\n","protected":false},"excerpt":{"rendered":"<p><span style=\"color: #18336c;\">Khi x\u1eed l\u00fd s\u1ef1 c\u1ed1 tr\u00e0n h\u00f3a ch\u1ea5t, \u0111i\u1ec1u c\u1ea7n thi\u1ebft l\u00e0 s\u1eed d\u1ee5ng c\u00e1c ch\u1ea5t h\u1ea5p th\u1ee5 t\u1ed1t nh\u1ea5t cho c\u00f4ng vi\u1ec7c. C\u00e1c mi\u1ebfng th\u1ea5m ho\u00e1 ch\u1ea5t SEPRO l\u00e0 m\u1ed9t l\u1ef1a ch\u1ecdn tuy\u1ec7t v\u1eddi cho c\u00e1c t\u00ecnh hu\u1ed1ng tr\u00e0n h\u00f3a ch\u1ea5t ti\u1ec1m \u1ea9n v\u00e0 ch\u00fang l\u00e0 m\u1ed9t ph\u1ea7n quan tr\u1ecdng c\u1ee7a b\u1ea5t k\u1ef3 k\u1ebf ho\u1ea1ch ki\u1ec3m so\u00e1t tr\u00e0n d\u1ea7u n\u00e0o.<\/span><\/p>\n<p><span style=\"color: #18336c;\">T\u1ea5m th\u1ea5m ho\u00e1 ch\u1ea5t SEPRO ho\u1ea1t \u0111\u1ed9ng \u0111\u1eb7c bi\u1ec7t t\u1ed1t v\u1edbi c\u00e1c ch\u1ea5t l\u1ecfng m\u1ea1nh, bao g\u1ed3m axit hydrofluoric, sulfuric, nitric, photphoric v\u00e0 hydrochloric, c\u0169ng nh\u01b0 c\u00e1c h\u00f3a ch\u1ea5t kh\u1eafc nghi\u1ec7t kh\u00e1c, m\u00e0 kh\u00f4ng l\u00e0m gi\u1ea3m ch\u1ea5t l\u01b0\u1ee3ng.<\/span><\/p>\n<p><span style=\"color: #18336c;\">Nh\u1eefng mi\u1ebfng \u0111\u1ec7m n\u00e0y \u0111\u01b0\u1ee3c thi\u1ebft k\u1ebf \u0111\u1eb7c bi\u1ec7t \u0111\u1ec3 s\u1eed d\u1ee5ng v\u1edbi c\u00e1c ch\u1ea5t l\u1ecfng h\u00f3a h\u1ecdc v\u00e0 nguy hi\u1ec3m v\u00e0 c\u00f3 m\u00e0u v\u00e0ng s\u00e1ng \u0111\u1ec3 ch\u1ec9 ra c\u00e1c v\u1eadt li\u1ec7u nguy hi\u1ec3m, \u0111\u00e1p \u1ee9ng c\u00e1c ti\u00eau chu\u1ea9n c\u00f4ng nghi\u1ec7p. Ch\u00fang ph\u00f9 h\u1ee3p v\u1edbi t\u1ea5t c\u1ea3 c\u00e1c l\u0129nh v\u1ef1c c\u1ee7a nh\u00e0 m\u00e1y h\u00f3a ch\u1ea5t v\u00e0 s\u1ea3n xu\u1ea5t.<\/span><\/p>\n<div id=\"eJOY__extension_root\" class=\"eJOY__extension_root_class\" style=\"all: unset;\"><\/div>\n","protected":false},"featured_media":6531,"comment_status":"open","ping_status":"closed","template":"","meta":[],"product_brand":[],"product_cat":[115],"product_tag":[],"class_list":{"0":"post-7322","1":"product","2":"type-product","3":"status-publish","4":"has-post-thumbnail","6":"product_cat-absorbent-materials-vi","9":"instock","10":"shipping-taxable","11":"product-type-simple"},"acf":[],"_links":{"self":[{"href":"https:\/\/sepro.vn\/vi\/wp-json\/wp\/v2\/product\/7322","targetHints":{"allow":["GET"]}}],"collection":[{"href":"https:\/\/sepro.vn\/vi\/wp-json\/wp\/v2\/product"}],"about":[{"href":"https:\/\/sepro.vn\/vi\/wp-json\/wp\/v2\/types\/product"}],"replies":[{"embeddable":true,"href":"https:\/\/sepro.vn\/vi\/wp-json\/wp\/v2\/comments?post=7322"}],"version-history":[{"count":2,"href":"https:\/\/sepro.vn\/vi\/wp-json\/wp\/v2\/product\/7322\/revisions"}],"predecessor-version":[{"id":7324,"href":"https:\/\/sepro.vn\/vi\/wp-json\/wp\/v2\/product\/7322\/revisions\/7324"}],"wp:featuredmedia":[{"embeddable":true,"href":"https:\/\/sepro.vn\/vi\/wp-json\/wp\/v2\/media\/6531"}],"wp:attachment":[{"href":"https:\/\/sepro.vn\/vi\/wp-json\/wp\/v2\/media?parent=7322"}],"wp:term":[{"taxonomy":"product_brand","embeddable":true,"href":"https:\/\/sepro.vn\/vi\/wp-json\/wp\/v2\/product_brand?post=7322"},{"taxonomy":"product_cat","embeddable":true,"href":"https:\/\/sepro.vn\/vi\/wp-json\/wp\/v2\/product_cat?post=7322"},{"taxonomy":"product_tag","embeddable":true,"href":"https:\/\/sepro.vn\/vi\/wp-json\/wp\/v2\/product_tag?post=7322"}],"curies":[{"name":"wp","href":"https:\/\/api.w.org\/{rel}","templated":true}]}}