{"id":7311,"date":"2024-06-14T06:40:27","date_gmt":"2024-06-14T06:40:27","guid":{"rendered":"https:\/\/sepro.vn\/product\/general-sticky-mat\/"},"modified":"2024-08-13T06:54:41","modified_gmt":"2024-08-13T06:54:41","slug":"general-sticky-mat","status":"publish","type":"product","link":"https:\/\/sepro.vn\/vi\/product\/general-sticky-mat\/","title":{"rendered":"TH\u1ea2M D\u00cdNH B\u1ee4I PH\u00d2NG S\u1ea0CH"},"content":{"rendered":"","protected":false},"excerpt":{"rendered":"<p><span style=\"color: #18336c;\">Th\u1ea3m d\u00ednh b\u1ee5i ph\u00f2ng s\u1ea1ch l\u00e0 m\u1ed9t gi\u1ea3i ph\u00e1p t\u1ed5ng th\u1ec3 cho c\u00e1c m\u00f4i tr\u01b0\u1eddng quan tr\u1ecdng v\u00ec n\u00f3 thu gi\u1eef v\u00e0 lo\u1ea1i b\u1ecf hi\u1ec7u qu\u1ea3 b\u1ee5i b\u1ea9n ho\u1eb7c \u00f4 nhi\u1ec5m tr\u00ean b\u00e1nh xe v\u00e0 gi\u00e0y t\u1ea1i l\u1ed1i v\u00e0o c\u1ee7a c\u00e1c khu v\u1ef1c \u0111\u01b0\u1ee3c ki\u1ec3m so\u00e1t ho\u1eb7c quan tr\u1ecdng.<\/span><\/p>\n<p><span style=\"color: #18336c;\">Th\u1ea3m c\u00f3 m\u1ed9t m\u1ee9c \u0111\u1ed9 x\u1eed l\u00fd kh\u00e1c nhau ph\u00f9 h\u1ee3p v\u1edbi c\u00e1c \u1ee9ng d\u1ee5ng kh\u00e1c nhau. N\u00f3 bao g\u1ed3m c\u00e1c l\u1edbp th\u1ea3m d\u00ednh d\u1ec5 b\u00f3c, d\u00f9ng m\u1ed9t l\u1ea7n c\u00f3 th\u1ec3 thu gi\u1eef hi\u1ec7u qu\u1ea3 t\u1ea5t c\u1ea3 c\u00e1c h\u1ea1t sinh ra t\u1eeb ch\u00e2n v\u00e0 b\u00e1nh xe x\u00e2m nh\u1eadp v\u00e0o m\u00f4i tr\u01b0\u1eddng l\u00e0m vi\u1ec7c \u0111\u01b0\u1ee3c ki\u1ec3m so\u00e1t.<\/span><\/p>\n","protected":false},"featured_media":6586,"comment_status":"open","ping_status":"closed","template":"","meta":[],"product_brand":[],"product_cat":[122],"product_tag":[],"class_list":{"0":"post-7311","1":"product","2":"type-product","3":"status-publish","4":"has-post-thumbnail","6":"product_cat-sticky-products-series-vi","9":"instock","10":"shipping-taxable","11":"product-type-simple"},"acf":[],"_links":{"self":[{"href":"https:\/\/sepro.vn\/vi\/wp-json\/wp\/v2\/product\/7311","targetHints":{"allow":["GET"]}}],"collection":[{"href":"https:\/\/sepro.vn\/vi\/wp-json\/wp\/v2\/product"}],"about":[{"href":"https:\/\/sepro.vn\/vi\/wp-json\/wp\/v2\/types\/product"}],"replies":[{"embeddable":true,"href":"https:\/\/sepro.vn\/vi\/wp-json\/wp\/v2\/comments?post=7311"}],"version-history":[{"count":2,"href":"https:\/\/sepro.vn\/vi\/wp-json\/wp\/v2\/product\/7311\/revisions"}],"predecessor-version":[{"id":7316,"href":"https:\/\/sepro.vn\/vi\/wp-json\/wp\/v2\/product\/7311\/revisions\/7316"}],"wp:featuredmedia":[{"embeddable":true,"href":"https:\/\/sepro.vn\/vi\/wp-json\/wp\/v2\/media\/6586"}],"wp:attachment":[{"href":"https:\/\/sepro.vn\/vi\/wp-json\/wp\/v2\/media?parent=7311"}],"wp:term":[{"taxonomy":"product_brand","embeddable":true,"href":"https:\/\/sepro.vn\/vi\/wp-json\/wp\/v2\/product_brand?post=7311"},{"taxonomy":"product_cat","embeddable":true,"href":"https:\/\/sepro.vn\/vi\/wp-json\/wp\/v2\/product_cat?post=7311"},{"taxonomy":"product_tag","embeddable":true,"href":"https:\/\/sepro.vn\/vi\/wp-json\/wp\/v2\/product_tag?post=7311"}],"curies":[{"name":"wp","href":"https:\/\/api.w.org\/{rel}","templated":true}]}}