{"id":7303,"date":"2024-06-14T08:17:01","date_gmt":"2024-06-14T08:17:01","guid":{"rendered":"https:\/\/sepro.vn\/product\/pe-sticky-roller\/"},"modified":"2024-08-13T06:30:31","modified_gmt":"2024-08-13T06:30:31","slug":"pe-sticky-roller","status":"publish","type":"product","link":"https:\/\/sepro.vn\/vi\/product\/pe-sticky-roller\/","title":{"rendered":"CON L\u0102N D\u00cdNH B\u1ee4I PE"},"content":{"rendered":"","protected":false},"excerpt":{"rendered":"<p><span style=\"color: #18336c;\">Con l\u0103n Tacky v\u1edbi t\u1ea5m c\u00f3 th\u1ec3 b\u00f3c v\u1ecf, nh\u1eefng con l\u0103n d\u00ednh n\u00e0y \u0111\u01b0\u1ee3c l\u00e0m b\u1eb1ng Polyetylen (PE) v\u00e0 c\u00e1c t\u1ea5m c\u00f3 th\u1ec3 \u0111\u01b0\u1ee3c b\u00f3c ra \u0111\u1ec3 l\u1ed9 ra m\u1ed9t t\u1ea5m s\u1ea1ch khi m\u1ed9t t\u1ea5m b\u1ecb \u00f4 nhi\u1ec5m.<\/span><\/p>\n<p><span style=\"color: #18336c;\">L\u00f5i \u0111\u01b0\u1eddng k\u00ednh l\u1edbn cung c\u1ea5p m\u1ed9t khu v\u1ef1c l\u00e0m s\u1ea1ch r\u1ed9ng r\u00e3i, d\u1eabn \u0111\u1ebfn vi\u1ec7c x\u1eed l\u00fd t\u1ea5m \u00edt th\u01b0\u1eddng xuy\u00ean h\u01a1n.<\/span><\/p>\n<p><span style=\"color: #18336c;\">Chi\u1ec1u r\u1ed9ng tay c\u1ea7m con l\u0103n v\u00e0 con l\u0103n c\u00f3 s\u1eb5n trong 4, 6, 8, 10 v\u00e0 12 inch.<\/span><\/p>\n","protected":false},"featured_media":6601,"comment_status":"open","ping_status":"closed","template":"","meta":[],"product_brand":[],"product_cat":[122],"product_tag":[],"class_list":{"0":"post-7303","1":"product","2":"type-product","3":"status-publish","4":"has-post-thumbnail","6":"product_cat-sticky-products-series-vi","9":"instock","10":"shipping-taxable","11":"product-type-simple"},"acf":[],"_links":{"self":[{"href":"https:\/\/sepro.vn\/vi\/wp-json\/wp\/v2\/product\/7303","targetHints":{"allow":["GET"]}}],"collection":[{"href":"https:\/\/sepro.vn\/vi\/wp-json\/wp\/v2\/product"}],"about":[{"href":"https:\/\/sepro.vn\/vi\/wp-json\/wp\/v2\/types\/product"}],"replies":[{"embeddable":true,"href":"https:\/\/sepro.vn\/vi\/wp-json\/wp\/v2\/comments?post=7303"}],"version-history":[{"count":2,"href":"https:\/\/sepro.vn\/vi\/wp-json\/wp\/v2\/product\/7303\/revisions"}],"predecessor-version":[{"id":7305,"href":"https:\/\/sepro.vn\/vi\/wp-json\/wp\/v2\/product\/7303\/revisions\/7305"}],"wp:featuredmedia":[{"embeddable":true,"href":"https:\/\/sepro.vn\/vi\/wp-json\/wp\/v2\/media\/6601"}],"wp:attachment":[{"href":"https:\/\/sepro.vn\/vi\/wp-json\/wp\/v2\/media?parent=7303"}],"wp:term":[{"taxonomy":"product_brand","embeddable":true,"href":"https:\/\/sepro.vn\/vi\/wp-json\/wp\/v2\/product_brand?post=7303"},{"taxonomy":"product_cat","embeddable":true,"href":"https:\/\/sepro.vn\/vi\/wp-json\/wp\/v2\/product_cat?post=7303"},{"taxonomy":"product_tag","embeddable":true,"href":"https:\/\/sepro.vn\/vi\/wp-json\/wp\/v2\/product_tag?post=7303"}],"curies":[{"name":"wp","href":"https:\/\/api.w.org\/{rel}","templated":true}]}}