{"id":7298,"date":"2024-06-14T08:20:07","date_gmt":"2024-06-14T08:20:07","guid":{"rendered":"https:\/\/sepro.vn\/?post_type=product&#038;p=7298"},"modified":"2024-08-13T06:26:54","modified_gmt":"2024-08-13T06:26:54","slug":"con-lan-silicone","status":"publish","type":"product","link":"https:\/\/sepro.vn\/vi\/product\/con-lan-silicone\/","title":{"rendered":"CON L\u0102N SILICONE"},"content":{"rendered":"<p>&nbsp;<\/p>\n<div id=\"eJOY__extension_root\" class=\"eJOY__extension_root_class\" style=\"all: unset;\"><\/div>\n","protected":false},"excerpt":{"rendered":"<p><span style=\"color: #18336c;\">Con l\u0103n tacky c\u00f3 th\u1ec3 t\u00e1i s\u1eed d\u1ee5ng n\u00e0y cung c\u1ea5p c\u00e1c ph\u01b0\u01a1ng ti\u1ec7n t\u1ed1t nh\u1ea5t c\u00f3 th\u1ec3 \u0111\u1ec3 lo\u1ea1i b\u1ecf ngay c\u1ea3 nh\u1eefng h\u1ea1t nh\u1ecf nh\u1ea5t kh\u1ecfi b\u1ec1 m\u1eb7t nh\u01b0 m\u1eb7t b\u00e0n. Con l\u0103n \u0111\u01b0\u1ee3c l\u00e0m b\u1eb1ng silicone kh\u00f4ng c\u00f3 t\u1ea5m \u0111\u1ec3 b\u00f3c, ch\u1ec9 c\u1ea7n ch\u1ea1m ho\u1eb7c l\u0103n qua m\u1ed9t t\u1ea5m th\u1ea3m d\u00ednh s\u1ea1ch sau khi b\u1ea9n v\u00e0 t\u00e1i s\u1eed d\u1ee5ng l\u1ea1i. Chi\u1ec1u d\u00e0i con l\u0103n c\u00f3 s\u1eb5n trong 4, 6, 8, 10, 12, 14 v\u00e0 16 inch v\u00e0 \u0111i k\u00e8m v\u1edbi khung nh\u00f4m v\u00e0 tay c\u1ea7m ho\u1eb7c khung nh\u00f4m c\u00f3 tay c\u1ea7m b\u1eb1ng nh\u1ef1a.<\/span><\/p>\n<div id=\"eJOY__extension_root\" class=\"eJOY__extension_root_class\" style=\"all: unset;\"><\/div>\n","protected":false},"featured_media":6606,"comment_status":"open","ping_status":"closed","template":"","meta":[],"product_brand":[],"product_cat":[122],"product_tag":[],"class_list":{"0":"post-7298","1":"product","2":"type-product","3":"status-publish","4":"has-post-thumbnail","6":"product_cat-sticky-products-series-vi","9":"instock","10":"shipping-taxable","11":"product-type-simple"},"acf":[],"_links":{"self":[{"href":"https:\/\/sepro.vn\/vi\/wp-json\/wp\/v2\/product\/7298","targetHints":{"allow":["GET"]}}],"collection":[{"href":"https:\/\/sepro.vn\/vi\/wp-json\/wp\/v2\/product"}],"about":[{"href":"https:\/\/sepro.vn\/vi\/wp-json\/wp\/v2\/types\/product"}],"replies":[{"embeddable":true,"href":"https:\/\/sepro.vn\/vi\/wp-json\/wp\/v2\/comments?post=7298"}],"version-history":[{"count":2,"href":"https:\/\/sepro.vn\/vi\/wp-json\/wp\/v2\/product\/7298\/revisions"}],"predecessor-version":[{"id":7301,"href":"https:\/\/sepro.vn\/vi\/wp-json\/wp\/v2\/product\/7298\/revisions\/7301"}],"wp:featuredmedia":[{"embeddable":true,"href":"https:\/\/sepro.vn\/vi\/wp-json\/wp\/v2\/media\/6606"}],"wp:attachment":[{"href":"https:\/\/sepro.vn\/vi\/wp-json\/wp\/v2\/media?parent=7298"}],"wp:term":[{"taxonomy":"product_brand","embeddable":true,"href":"https:\/\/sepro.vn\/vi\/wp-json\/wp\/v2\/product_brand?post=7298"},{"taxonomy":"product_cat","embeddable":true,"href":"https:\/\/sepro.vn\/vi\/wp-json\/wp\/v2\/product_cat?post=7298"},{"taxonomy":"product_tag","embeddable":true,"href":"https:\/\/sepro.vn\/vi\/wp-json\/wp\/v2\/product_tag?post=7298"}],"curies":[{"name":"wp","href":"https:\/\/api.w.org\/{rel}","templated":true}]}}