{"id":7293,"date":"2024-06-14T08:37:38","date_gmt":"2024-06-14T08:37:38","guid":{"rendered":"https:\/\/sepro.vn\/product\/urethane-roller\/"},"modified":"2024-08-13T06:22:49","modified_gmt":"2024-08-13T06:22:49","slug":"urethane-roller","status":"publish","type":"product","link":"https:\/\/sepro.vn\/vi\/product\/urethane-roller\/","title":{"rendered":"CON L\u0102N URETHANE"},"content":{"rendered":"<p>&nbsp;<\/p>\n<div id=\"eJOY__extension_root\" class=\"eJOY__extension_root_class\" style=\"all: unset;\"><\/div>\n","protected":false},"excerpt":{"rendered":"<p><span style=\"color: #18336c;\">Guel kh\u00f4ng b\u1ecb b\u1ecf l\u1ea1i v\u00ec t\u1ef1 d\u00ednh.<\/span><\/p>\n<p><span style=\"color: #18336c;\">Th\u1eadt d\u1ec5 d\u00e0ng \u0111\u1ec3 l\u00e0m s\u1ea1ch b\u1ee5i b\u1ea9n m\u1ed9t con l\u0103n b\u1eb1ng c\u00e1ch r\u1eeda b\u1eb1ng ch\u1ea5t t\u1ea9y r\u1eeda ho\u1eb7c n\u01b0\u1edbc \u0111\u1ed9c quy\u1ec1n.<\/span><\/p>\n<p><span style=\"color: #18336c;\">N\u00f3 kh\u00f4ng ph\u00e1t ra ch\u1ea5t th\u1ea3i kh\u00f4ng c\u1ea7n thi\u1ebft v\u00e0 kh\u00f4ng ph\u00e2n t\u00e1n.<\/span><\/p>\n<p><span style=\"color: #18336c;\">Silicon kh\u00f4ng \u0111\u01b0\u1ee3c s\u1eed d\u1ee5ng.<\/span><\/p>\n<table>\n<tbody>\n<tr>\n<td width=\"157\"><span style=\"color: #18336c;\">Number<\/span><\/td>\n<td width=\"158\"><span style=\"color: #18336c;\">Size<\/span><\/td>\n<td width=\"157\"><span style=\"color: #18336c;\">Color<\/span><\/td>\n<\/tr>\n<tr>\n<td width=\"157\"><span style=\"color: #18336c;\">HR15-5010<\/span><\/td>\n<td width=\"158\"><span style=\"color: #18336c;\">\u027854&#215;100<\/span><\/td>\n<td rowspan=\"2\" width=\"157\"><span style=\"color: #18336c;\">Blue Green<\/span><\/td>\n<\/tr>\n<tr>\n<td width=\"157\"><span style=\"color: #18336c;\">HR15-5016<\/span><\/td>\n<td width=\"158\"><span style=\"color: #18336c;\">\u027854&#215;160<\/span><\/td>\n<\/tr>\n<\/tbody>\n<\/table>\n<p><span style=\"color: #18336c;\"><img fetchpriority=\"high\" decoding=\"async\" class=\"alignnone wp-image-6609 size-large\" src=\"https:\/\/sepro.vn\/wp-content\/uploads\/2024\/06\/RollerHand-1024x696.png\" alt=\"\" width=\"1024\" height=\"696\" srcset=\"https:\/\/sepro.vn\/wp-content\/uploads\/2024\/06\/RollerHand-1024x696.png 1024w, https:\/\/sepro.vn\/wp-content\/uploads\/2024\/06\/RollerHand-300x204.png 300w, https:\/\/sepro.vn\/wp-content\/uploads\/2024\/06\/RollerHand-768x522.png 768w, https:\/\/sepro.vn\/wp-content\/uploads\/2024\/06\/RollerHand-600x408.png 600w, https:\/\/sepro.vn\/wp-content\/uploads\/2024\/06\/RollerHand-708x480.png 708w, https:\/\/sepro.vn\/wp-content\/uploads\/2024\/06\/RollerHand.png 1105w\" sizes=\"(max-width: 1024px) 100vw, 1024px\" \/><\/span><\/p>\n<div id=\"eJOY__extension_root\" class=\"eJOY__extension_root_class\" style=\"all: unset;\"><\/div>\n","protected":false},"featured_media":6617,"comment_status":"open","ping_status":"closed","template":"","meta":[],"product_brand":[],"product_cat":[122],"product_tag":[],"class_list":{"0":"post-7293","1":"product","2":"type-product","3":"status-publish","4":"has-post-thumbnail","6":"product_cat-sticky-products-series-vi","9":"instock","10":"shipping-taxable","11":"product-type-simple"},"acf":[],"_links":{"self":[{"href":"https:\/\/sepro.vn\/vi\/wp-json\/wp\/v2\/product\/7293","targetHints":{"allow":["GET"]}}],"collection":[{"href":"https:\/\/sepro.vn\/vi\/wp-json\/wp\/v2\/product"}],"about":[{"href":"https:\/\/sepro.vn\/vi\/wp-json\/wp\/v2\/types\/product"}],"replies":[{"embeddable":true,"href":"https:\/\/sepro.vn\/vi\/wp-json\/wp\/v2\/comments?post=7293"}],"version-history":[{"count":4,"href":"https:\/\/sepro.vn\/vi\/wp-json\/wp\/v2\/product\/7293\/revisions"}],"predecessor-version":[{"id":7294,"href":"https:\/\/sepro.vn\/vi\/wp-json\/wp\/v2\/product\/7293\/revisions\/7294"}],"wp:featuredmedia":[{"embeddable":true,"href":"https:\/\/sepro.vn\/vi\/wp-json\/wp\/v2\/media\/6617"}],"wp:attachment":[{"href":"https:\/\/sepro.vn\/vi\/wp-json\/wp\/v2\/media?parent=7293"}],"wp:term":[{"taxonomy":"product_brand","embeddable":true,"href":"https:\/\/sepro.vn\/vi\/wp-json\/wp\/v2\/product_brand?post=7293"},{"taxonomy":"product_cat","embeddable":true,"href":"https:\/\/sepro.vn\/vi\/wp-json\/wp\/v2\/product_cat?post=7293"},{"taxonomy":"product_tag","embeddable":true,"href":"https:\/\/sepro.vn\/vi\/wp-json\/wp\/v2\/product_tag?post=7293"}],"curies":[{"name":"wp","href":"https:\/\/api.w.org\/{rel}","templated":true}]}}