{"id":7288,"date":"2024-06-14T09:08:03","date_gmt":"2024-06-14T09:08:03","guid":{"rendered":"https:\/\/sepro.vn\/product\/cleanroom-coverall\/"},"modified":"2024-08-13T06:15:32","modified_gmt":"2024-08-13T06:15:32","slug":"cleanroom-coverall","status":"publish","type":"product","link":"https:\/\/sepro.vn\/vi\/product\/cleanroom-coverall\/","title":{"rendered":"QU\u1ea6N \u00c1O PH\u00d2NG S\u1ea0CH"},"content":{"rendered":"<p>&nbsp;<\/p>\n<div id=\"eJOY__extension_root\" class=\"eJOY__extension_root_class\" style=\"all: unset;\"><\/div>\n","protected":false},"excerpt":{"rendered":"<p><span style=\"color: #18336c;\">Nh\u00e0 m\u00e1y may m\u1eb7c ph\u00f2ng s\u1ea1ch <strong>SEPRO<\/strong> \u0111\u01b0\u1ee3c \u0111\u1eb7t t\u1ea1i Long Kh\u00e1nh, \u0110\u1ed3ng Nai, n\u01a1i c\u00f3 r\u1ea5t nhi\u1ec1u nh\u00e0 m\u00e1y may v\u00e0 v\u1eadn h\u00e0nh \u0111\u01b0\u1ee3c \u0111\u00e0o t\u1ea1o b\u00e0i b\u1ea3n v\u1ec1 k\u1ef9 thu\u1eadt may. V\u00ec v\u1eady, l\u1ee3i th\u1ebf c\u1ee7a ch\u00fang t\u00f4i l\u00e0 s\u1ea3n ph\u1ea9m t\u1ed1t v\u1edbi chi ph\u00ed h\u1ee3p l\u00fd.<\/span><\/p>\n<p><span style=\"color: #18336c;\">Ch\u00fang t\u00f4i \u0111\u01b0\u1ee3c cung c\u1ea5p \u0111\u1ea7y \u0111\u1ee7 t\u1eeb thi\u1ebft k\u1ebf \u0111\u1ebfn ho\u00e0n thi\u1ec7n s\u1ea3n ph\u1ea9m v\u1edbi \u0111a d\u1ea1ng v\u1ec1 ki\u1ec3u d\u00e1ng, k\u00edch c\u1ee1, m\u00e0u s\u1eafc, bao g\u1ed3m th\u00eau logo c\u00f4ng ty, huy hi\u1ec7u hay b\u1ea3n in.<\/span><\/p>\n<p><span style=\"color: #18336c;\">Ch\u00fang t\u00f4i \u0111\u00e3 s\u1ea3n xu\u1ea5t qu\u1ea7n y\u1ebfm t\u1eeb c\u00e1c lo\u1ea1i v\u1ea3i ch\u1ea5t l\u01b0\u1ee3ng cao \u0111\u1eb7c bi\u1ec7t cho c\u00e1c l\u0129nh v\u1ef1c c\u00f4ng nghi\u1ec7p ph\u00f2ng s\u1ea1ch, th\u1ef1c ph\u1ea9m v\u00e0 d\u01b0\u1ee3c ph\u1ea9m. C\u00e1c lo\u1ea1i v\u1ea3i c\u00f3 t\u00ednh n\u0103ng b\u1ea3o v\u1ec7 h\u1ea1t cao, tho\u1ea3i m\u00e1i v\u00e0 ch\u1ed1ng t\u0129nh \u0111i\u1ec7n b\u1eb1ng ch\u1ea5t li\u1ec7u carbon v\u00e0 k\u1ef9 thu\u1eadt d\u1ec7t. M\u1ed9t s\u1ed1 c\u00e1ch s\u1eed d\u1ee5ng v\u1ea3i ph\u1ed5 bi\u1ebfn nh\u01b0 sau:<\/span><\/p>\n<p><span style=\"color: #18336c;\"><strong>V\u1ea3i ch\u1ed1ng t\u0129nh \u0111i\u1ec7n kh\u00f4ng d\u1ec7t<\/strong><\/span><\/p>\n<p><span style=\"color: #18336c;\"><img decoding=\"async\" class=\"alignnone wp-image-6621\" src=\"https:\/\/sepro.vn\/wp-content\/uploads\/2024\/06\/image001-1-300x32.png\" alt=\"\" width=\"400\" height=\"43\" srcset=\"https:\/\/sepro.vn\/wp-content\/uploads\/2024\/06\/image001-1-300x32.png 300w, https:\/\/sepro.vn\/wp-content\/uploads\/2024\/06\/image001-1-1024x110.png 1024w, https:\/\/sepro.vn\/wp-content\/uploads\/2024\/06\/image001-1-768x83.png 768w, https:\/\/sepro.vn\/wp-content\/uploads\/2024\/06\/image001-1-600x65.png 600w, https:\/\/sepro.vn\/wp-content\/uploads\/2024\/06\/image001-1.png 1168w\" sizes=\"(max-width: 400px) 100vw, 400px\" \/>\u00a0<\/span><\/p>\n<p><span style=\"color: #18336c;\"><strong>V\u1ea3i ph\u00f2ng s\u1ea1ch ti\u1ec7t tr\u00f9ng<\/strong><\/span><\/p>\n<p><span style=\"color: #18336c;\"><img fetchpriority=\"high\" decoding=\"async\" class=\"alignnone wp-image-6623\" src=\"https:\/\/sepro.vn\/wp-content\/uploads\/2024\/06\/image003-1-300x120.png\" alt=\"\" width=\"400\" height=\"159\" srcset=\"https:\/\/sepro.vn\/wp-content\/uploads\/2024\/06\/image003-1-300x120.png 300w, https:\/\/sepro.vn\/wp-content\/uploads\/2024\/06\/image003-1-1024x408.png 1024w, https:\/\/sepro.vn\/wp-content\/uploads\/2024\/06\/image003-1-768x306.png 768w, https:\/\/sepro.vn\/wp-content\/uploads\/2024\/06\/image003-1-600x239.png 600w, https:\/\/sepro.vn\/wp-content\/uploads\/2024\/06\/image003-1.png 1237w\" sizes=\"(max-width: 400px) 100vw, 400px\" \/><\/span><\/p>\n<p><em>Ch\u00fang t\u00f4i cung c\u1ea5p nhi\u1ec1u lo\u1ea1i h\u00e0ng may m\u1eb7c ph\u00f2ng s\u1ea1ch nh\u01b0 \u00e1o cho\u00e0ng, \u00e1o cho\u00e0ng, \u00e1o kho\u00e1c, \u00e1o ph\u00f4ng, v.v<\/em><\/p>\n<div id=\"eJOY__extension_root\" class=\"eJOY__extension_root_class\" style=\"all: unset;\"><\/div>\n","protected":false},"featured_media":6642,"comment_status":"open","ping_status":"closed","template":"","meta":[],"product_brand":[],"product_cat":[121],"product_tag":[],"class_list":{"0":"post-7288","1":"product","2":"type-product","3":"status-publish","4":"has-post-thumbnail","6":"product_cat-cleanroom-apparel-vi","9":"instock","10":"shipping-taxable","11":"product-type-simple"},"acf":[],"_links":{"self":[{"href":"https:\/\/sepro.vn\/vi\/wp-json\/wp\/v2\/product\/7288","targetHints":{"allow":["GET"]}}],"collection":[{"href":"https:\/\/sepro.vn\/vi\/wp-json\/wp\/v2\/product"}],"about":[{"href":"https:\/\/sepro.vn\/vi\/wp-json\/wp\/v2\/types\/product"}],"replies":[{"embeddable":true,"href":"https:\/\/sepro.vn\/vi\/wp-json\/wp\/v2\/comments?post=7288"}],"version-history":[{"count":3,"href":"https:\/\/sepro.vn\/vi\/wp-json\/wp\/v2\/product\/7288\/revisions"}],"predecessor-version":[{"id":7291,"href":"https:\/\/sepro.vn\/vi\/wp-json\/wp\/v2\/product\/7288\/revisions\/7291"}],"wp:featuredmedia":[{"embeddable":true,"href":"https:\/\/sepro.vn\/vi\/wp-json\/wp\/v2\/media\/6642"}],"wp:attachment":[{"href":"https:\/\/sepro.vn\/vi\/wp-json\/wp\/v2\/media?parent=7288"}],"wp:term":[{"taxonomy":"product_brand","embeddable":true,"href":"https:\/\/sepro.vn\/vi\/wp-json\/wp\/v2\/product_brand?post=7288"},{"taxonomy":"product_cat","embeddable":true,"href":"https:\/\/sepro.vn\/vi\/wp-json\/wp\/v2\/product_cat?post=7288"},{"taxonomy":"product_tag","embeddable":true,"href":"https:\/\/sepro.vn\/vi\/wp-json\/wp\/v2\/product_tag?post=7288"}],"curies":[{"name":"wp","href":"https:\/\/api.w.org\/{rel}","templated":true}]}}