{"id":7280,"date":"2024-06-15T02:08:04","date_gmt":"2024-06-15T02:08:04","guid":{"rendered":"https:\/\/sepro.vn\/product\/natural-rubber-latex-latex\/"},"modified":"2024-08-13T04:48:22","modified_gmt":"2024-08-13T04:48:22","slug":"natural-rubber-latex-latex","status":"publish","type":"product","link":"https:\/\/sepro.vn\/vi\/product\/natural-rubber-latex-latex\/","title":{"rendered":"G\u0102NG TAY PH\u00d2NG S\u1ea0CH LATEX"},"content":{"rendered":"","protected":false},"excerpt":{"rendered":"<p><span style=\"color: #18336c;\">V\u1eadt \u00a0li\u1ec7u ph\u1ed5 bi\u1ebfn nh\u1ea5t cho g\u0103ng tay do \u0111\u1ed9 b\u1ec1n, s\u1ef1 tho\u1ea3i m\u00e1i v\u00e0 kh\u00e9o l\u00e9o c\u1ee7a n\u00f3.<\/span><\/p>\n<p><span style=\"color: #18336c;\">Latex l\u00e0 l\u00fd t\u01b0\u1edfng khi c\u1ea7n s\u1ef1 kh\u00e9o l\u00e9o v\u00e0 \u0111\u1ed9 nh\u1ea1y x\u00fac gi\u00e1c cao. N\u00f3 cung c\u1ea5p s\u1ef1 b\u1ea3o v\u1ec7 tuy\u1ec7t v\u1eddi ch\u1ed1ng l\u1ea1i \u00f4 nhi\u1ec5m v\u00e0 h\u00f3a ch\u1ea5t nh\u01b0 axit, r\u01b0\u1ee3u v\u00e0 ketone.<\/span><\/p>\n","protected":false},"featured_media":6666,"comment_status":"open","ping_status":"closed","template":"","meta":[],"product_brand":[],"product_cat":[120],"product_tag":[],"class_list":{"0":"post-7280","1":"product","2":"type-product","3":"status-publish","4":"has-post-thumbnail","6":"product_cat-cleanroom-gloves-vi","9":"instock","10":"shipping-taxable","11":"product-type-simple"},"acf":[],"_links":{"self":[{"href":"https:\/\/sepro.vn\/vi\/wp-json\/wp\/v2\/product\/7280","targetHints":{"allow":["GET"]}}],"collection":[{"href":"https:\/\/sepro.vn\/vi\/wp-json\/wp\/v2\/product"}],"about":[{"href":"https:\/\/sepro.vn\/vi\/wp-json\/wp\/v2\/types\/product"}],"replies":[{"embeddable":true,"href":"https:\/\/sepro.vn\/vi\/wp-json\/wp\/v2\/comments?post=7280"}],"version-history":[{"count":2,"href":"https:\/\/sepro.vn\/vi\/wp-json\/wp\/v2\/product\/7280\/revisions"}],"predecessor-version":[{"id":7282,"href":"https:\/\/sepro.vn\/vi\/wp-json\/wp\/v2\/product\/7280\/revisions\/7282"}],"wp:featuredmedia":[{"embeddable":true,"href":"https:\/\/sepro.vn\/vi\/wp-json\/wp\/v2\/media\/6666"}],"wp:attachment":[{"href":"https:\/\/sepro.vn\/vi\/wp-json\/wp\/v2\/media?parent=7280"}],"wp:term":[{"taxonomy":"product_brand","embeddable":true,"href":"https:\/\/sepro.vn\/vi\/wp-json\/wp\/v2\/product_brand?post=7280"},{"taxonomy":"product_cat","embeddable":true,"href":"https:\/\/sepro.vn\/vi\/wp-json\/wp\/v2\/product_cat?post=7280"},{"taxonomy":"product_tag","embeddable":true,"href":"https:\/\/sepro.vn\/vi\/wp-json\/wp\/v2\/product_tag?post=7280"}],"curies":[{"name":"wp","href":"https:\/\/api.w.org\/{rel}","templated":true}]}}