{"id":7272,"date":"2024-06-15T02:18:27","date_gmt":"2024-06-15T02:18:27","guid":{"rendered":"https:\/\/sepro.vn\/product\/polyvinyl-chloride\/"},"modified":"2024-08-13T04:42:02","modified_gmt":"2024-08-13T04:42:02","slug":"polyvinyl-chloride","status":"publish","type":"product","link":"https:\/\/sepro.vn\/vi\/product\/polyvinyl-chloride\/","title":{"rendered":"G\u0102NG TAY PH\u00d2NG S\u1ea0CH PVC"},"content":{"rendered":"","protected":false},"excerpt":{"rendered":"<p><span style=\"color: #18336c;\">\u0110\u01b0\u1ee3c bi\u1ebft \u0111\u1ebfn v\u1edbi \u0111\u1ed9 s\u1ea1ch v\u1ed1n c\u00f3 (\u00edt h\u1ea1t v\u00e0 chi\u1ebft xu\u1ea5t ion), \u0111\u1eb7c t\u00ednh ESD v\u00e0 chi ph\u00ed th\u1ea5p.<\/span><\/p>\n<p><span style=\"color: #18336c;\">Nh\u1eefng thu\u1ed9c t\u00ednh n\u00e0y l\u00e0m cho g\u0103ng tay PVC \u00a0tr\u1edf n\u00ean l\u00fd t\u01b0\u1edfng \u0111\u1ec3 s\u1eed d\u1ee5ng trong s\u1ea3n xu\u1ea5t thi\u1ebft b\u1ecb y t\u1ebf, vi \u0111i\u1ec7n t\u1eed v\u00e0 c\u00e1c m\u00f4i tr\u01b0\u1eddng \u0111\u01b0\u1ee3c ki\u1ec3m so\u00e1t kh\u00f4 t\u01b0\u01a1ng t\u1ef1 kh\u00e1c.<\/span><\/p>\n<p><span style=\"color: #18336c;\">G\u0103ng tay PVC v\u1eeba v\u1eb7n v\u1edbi tay ng\u01b0\u1eddi v\u1eadn h\u00e0nh l\u1ecfng l\u1ebbo h\u01a1n so v\u1edbi latex ho\u1eb7c nitrile, c\u00f3 th\u1ec3 l\u00e0m gi\u1ea3m s\u1ef1 kh\u00e9o l\u00e9o.<\/span><\/p>\n","protected":false},"featured_media":6937,"comment_status":"open","ping_status":"closed","template":"","meta":[],"product_brand":[],"product_cat":[120],"product_tag":[],"class_list":{"0":"post-7272","1":"product","2":"type-product","3":"status-publish","4":"has-post-thumbnail","6":"product_cat-cleanroom-gloves-vi","9":"instock","10":"shipping-taxable","11":"product-type-simple"},"acf":[],"_links":{"self":[{"href":"https:\/\/sepro.vn\/vi\/wp-json\/wp\/v2\/product\/7272","targetHints":{"allow":["GET"]}}],"collection":[{"href":"https:\/\/sepro.vn\/vi\/wp-json\/wp\/v2\/product"}],"about":[{"href":"https:\/\/sepro.vn\/vi\/wp-json\/wp\/v2\/types\/product"}],"replies":[{"embeddable":true,"href":"https:\/\/sepro.vn\/vi\/wp-json\/wp\/v2\/comments?post=7272"}],"version-history":[{"count":2,"href":"https:\/\/sepro.vn\/vi\/wp-json\/wp\/v2\/product\/7272\/revisions"}],"predecessor-version":[{"id":7276,"href":"https:\/\/sepro.vn\/vi\/wp-json\/wp\/v2\/product\/7272\/revisions\/7276"}],"wp:featuredmedia":[{"embeddable":true,"href":"https:\/\/sepro.vn\/vi\/wp-json\/wp\/v2\/media\/6937"}],"wp:attachment":[{"href":"https:\/\/sepro.vn\/vi\/wp-json\/wp\/v2\/media?parent=7272"}],"wp:term":[{"taxonomy":"product_brand","embeddable":true,"href":"https:\/\/sepro.vn\/vi\/wp-json\/wp\/v2\/product_brand?post=7272"},{"taxonomy":"product_cat","embeddable":true,"href":"https:\/\/sepro.vn\/vi\/wp-json\/wp\/v2\/product_cat?post=7272"},{"taxonomy":"product_tag","embeddable":true,"href":"https:\/\/sepro.vn\/vi\/wp-json\/wp\/v2\/product_tag?post=7272"}],"curies":[{"name":"wp","href":"https:\/\/api.w.org\/{rel}","templated":true}]}}