{"id":7262,"date":"2024-06-15T05:40:47","date_gmt":"2024-06-15T05:40:47","guid":{"rendered":"https:\/\/sepro.vn\/product\/cleanroom-gloves-recycling\/"},"modified":"2024-08-13T04:22:38","modified_gmt":"2024-08-13T04:22:38","slug":"cleanroom-gloves-recycling","status":"publish","type":"product","link":"https:\/\/sepro.vn\/vi\/product\/cleanroom-gloves-recycling\/","title":{"rendered":"D\u1ecaCH V\u1ee4 T\u00c1I CH\u1ebe G\u0102NG TAY PH\u00d2NG S\u1ea0CH"},"content":{"rendered":"<p>&nbsp;<\/p>\n<div id=\"eJOY__extension_root\" class=\"eJOY__extension_root_class\" style=\"all: unset;\"><\/div>\n","protected":false},"excerpt":{"rendered":"<p><span style=\"color: #18336c;\">\u0110i\u1ec3m m\u1ea5u ch\u1ed1t c\u1ee7a <strong>T\u00e1i ch\u1ebf g\u0103ng tay<\/strong> l\u00e0 ti\u1ebft ki\u1ec7m chi ph\u00ed, n\u00f3 c\u00f3 th\u1ec3 ti\u1ebft ki\u1ec7m h\u01a1n m\u1ed9t n\u1eeda chi ph\u00ed t\u00f9y thu\u1ed9c v\u00e0o ch\u1ea5t l\u01b0\u1ee3ng c\u1ee7a G\u0103ng tay.<\/span><\/p>\n<p><span style=\"color: #18336c;\">M\u1ed9t s\u1ed1 g\u0103ng tay c\u00f3 th\u1ec3 \u0111\u01b0\u1ee3c t\u00e1i ch\u1ebf 4-5 l\u1ea7n.<\/span><\/p>\n<p><span style=\"color: #18336c;\">T\u1ea5t c\u1ea3 G\u0103ng tay \u0111\u01b0\u1ee3c x\u1eed l\u00fd trong ph\u00f2ng s\u1ea1ch l\u1edbp 100\/1000 b\u1eb1ng n\u01b0\u1edbc EDI si\u00eau tinh khi\u1ebft (18,5 M Ohm).<\/span><\/p>\n<div id=\"eJOY__extension_root\" class=\"eJOY__extension_root_class\" style=\"all: unset;\"><\/div>\n","protected":false},"featured_media":6705,"comment_status":"open","ping_status":"closed","template":"","meta":[],"product_brand":[],"product_cat":[119],"product_tag":[],"class_list":{"0":"post-7262","1":"product","2":"type-product","3":"status-publish","4":"has-post-thumbnail","6":"product_cat-cleanroom-laundry-vi","9":"instock","10":"shipping-taxable","11":"product-type-simple"},"acf":[],"_links":{"self":[{"href":"https:\/\/sepro.vn\/vi\/wp-json\/wp\/v2\/product\/7262","targetHints":{"allow":["GET"]}}],"collection":[{"href":"https:\/\/sepro.vn\/vi\/wp-json\/wp\/v2\/product"}],"about":[{"href":"https:\/\/sepro.vn\/vi\/wp-json\/wp\/v2\/types\/product"}],"replies":[{"embeddable":true,"href":"https:\/\/sepro.vn\/vi\/wp-json\/wp\/v2\/comments?post=7262"}],"version-history":[{"count":3,"href":"https:\/\/sepro.vn\/vi\/wp-json\/wp\/v2\/product\/7262\/revisions"}],"predecessor-version":[{"id":7265,"href":"https:\/\/sepro.vn\/vi\/wp-json\/wp\/v2\/product\/7262\/revisions\/7265"}],"wp:featuredmedia":[{"embeddable":true,"href":"https:\/\/sepro.vn\/vi\/wp-json\/wp\/v2\/media\/6705"}],"wp:attachment":[{"href":"https:\/\/sepro.vn\/vi\/wp-json\/wp\/v2\/media?parent=7262"}],"wp:term":[{"taxonomy":"product_brand","embeddable":true,"href":"https:\/\/sepro.vn\/vi\/wp-json\/wp\/v2\/product_brand?post=7262"},{"taxonomy":"product_cat","embeddable":true,"href":"https:\/\/sepro.vn\/vi\/wp-json\/wp\/v2\/product_cat?post=7262"},{"taxonomy":"product_tag","embeddable":true,"href":"https:\/\/sepro.vn\/vi\/wp-json\/wp\/v2\/product_tag?post=7262"}],"curies":[{"name":"wp","href":"https:\/\/api.w.org\/{rel}","templated":true}]}}