{"id":7238,"date":"2024-06-17T01:41:48","date_gmt":"2024-06-17T01:41:48","guid":{"rendered":"https:\/\/sepro.vn\/product\/laundry\/"},"modified":"2024-08-13T02:35:52","modified_gmt":"2024-08-13T02:35:52","slug":"laundry","status":"publish","type":"product","link":"https:\/\/sepro.vn\/vi\/product\/laundry\/","title":{"rendered":"D\u1ecaCH V\u1ee4 GI\u1eb6T PH\u00d2NG S\u1ea0CH"},"content":{"rendered":"<p>&nbsp;<\/p>\n<div id=\"eJOY__extension_root\" class=\"eJOY__extension_root_class\" style=\"all: unset;\"><\/div>\n","protected":false},"excerpt":{"rendered":"<p><span style=\"color: #18336c;\">Ho\u1ea1t \u0111\u1ed9ng gia c\u00f4ng h\u00e0ng may m\u1eb7c c\u1ee7a ch\u00fang t\u00f4i \u0111\u01b0\u1ee3c th\u1ef1c hi\u1ec7n trong m\u00f4i tr\u01b0\u1eddng gi\u1eb7t l\u00e0 ph\u00f2ng s\u1ea1ch h\u1ea1ng 100-ISO 5. Quy tr\u00ecnh l\u00e0m s\u1ea1ch m\u01b0\u1eddi hai b\u01b0\u1edbc nghi\u00eam ng\u1eb7t c\u1ee7a ch\u00fang t\u00f4i \u0111\u00e3 mang l\u1ea1i cho ch\u00fang t\u00f4i s\u1ef1 c\u00f4ng nh\u1eadn c\u1ee7a ng\u00e0nh c\u00f4ng nghi\u1ec7p cho d\u1ecbch v\u1ee5 ch\u1ea5t l\u01b0\u1ee3ng cao c\u1ee7a ch\u00fang t\u00f4i.<\/span><\/p>\n<p><span style=\"color: #18336c;\">D\u1ecbch v\u1ee5 c\u1ee7a ch\u00fang t\u00f4i li\u00ean quan \u0111\u1ebfn c\u00e1c t\u00ednh n\u0103ng k\u1ef9 thu\u1eadt sau.<\/span><\/p>\n<p><span style=\"color: #18336c;\">Ch\u00fang t\u00f4i c\u0169ng cung c\u1ea5p d\u1ecbch v\u1ee5 nh\u1eadn h\u00e0ng may m\u1eb7c v\u00e0 \u0111\u1ea3m b\u1ea3o giao h\u00e0ng nhanh ch\u00f3ng \u0111\u1ebfn c\u01a1 s\u1edf c\u1ee7a b\u1ea1n.<\/span><\/p>\n<p><span style=\"color: #18336c;\">C\u01a1 s\u1edf v\u1eadt ch\u1ea5t v\u00e0 thi\u1ebft b\u1ecb c\u1ee7a ch\u00fang t\u00f4i \u0111\u00e1p \u1ee9ng c\u00e1c ti\u00eau chu\u1ea9n cao nh\u1ea5t c\u1ee7a ng\u00e0nh, cho ph\u00e9p ch\u00fang t\u00f4i \u0111\u00e1p \u1ee9ng t\u1ea5t c\u1ea3 c\u00e1c y\u00eau c\u1ea7u c\u1ee7a b\u1ea1n v\u00e0 \u1ee9ng ph\u00f3 v\u1edbi m\u1ecdi tr\u01b0\u1eddng h\u1ee3p kh\u1ea9n c\u1ea5p.<\/span><\/p>\n","protected":false},"featured_media":6711,"comment_status":"open","ping_status":"closed","template":"","meta":[],"product_brand":[],"product_cat":[119],"product_tag":[],"class_list":{"0":"post-7238","1":"product","2":"type-product","3":"status-publish","4":"has-post-thumbnail","6":"product_cat-cleanroom-laundry-vi","9":"instock","10":"shipping-taxable","11":"product-type-simple"},"acf":[],"_links":{"self":[{"href":"https:\/\/sepro.vn\/vi\/wp-json\/wp\/v2\/product\/7238","targetHints":{"allow":["GET"]}}],"collection":[{"href":"https:\/\/sepro.vn\/vi\/wp-json\/wp\/v2\/product"}],"about":[{"href":"https:\/\/sepro.vn\/vi\/wp-json\/wp\/v2\/types\/product"}],"replies":[{"embeddable":true,"href":"https:\/\/sepro.vn\/vi\/wp-json\/wp\/v2\/comments?post=7238"}],"version-history":[{"count":2,"href":"https:\/\/sepro.vn\/vi\/wp-json\/wp\/v2\/product\/7238\/revisions"}],"predecessor-version":[{"id":7240,"href":"https:\/\/sepro.vn\/vi\/wp-json\/wp\/v2\/product\/7238\/revisions\/7240"}],"wp:featuredmedia":[{"embeddable":true,"href":"https:\/\/sepro.vn\/vi\/wp-json\/wp\/v2\/media\/6711"}],"wp:attachment":[{"href":"https:\/\/sepro.vn\/vi\/wp-json\/wp\/v2\/media?parent=7238"}],"wp:term":[{"taxonomy":"product_brand","embeddable":true,"href":"https:\/\/sepro.vn\/vi\/wp-json\/wp\/v2\/product_brand?post=7238"},{"taxonomy":"product_cat","embeddable":true,"href":"https:\/\/sepro.vn\/vi\/wp-json\/wp\/v2\/product_cat?post=7238"},{"taxonomy":"product_tag","embeddable":true,"href":"https:\/\/sepro.vn\/vi\/wp-json\/wp\/v2\/product_tag?post=7238"}],"curies":[{"name":"wp","href":"https:\/\/api.w.org\/{rel}","templated":true}]}}