{"id":7208,"date":"2024-07-31T09:26:25","date_gmt":"2024-07-31T09:26:25","guid":{"rendered":"https:\/\/sepro.vn\/product\/dust-filter-bag\/"},"modified":"2024-08-12T06:30:31","modified_gmt":"2024-08-12T06:30:31","slug":"dust-filter-bag","status":"publish","type":"product","link":"https:\/\/sepro.vn\/vi\/product\/dust-filter-bag\/","title":{"rendered":"T\u00daI L\u1eccC B\u1ee4I"},"content":{"rendered":"<p>&nbsp;<\/p>\n<div id=\"eJOY__extension_root\" class=\"eJOY__extension_root_class\" style=\"all: unset;\"><\/div>\n","protected":false},"excerpt":{"rendered":"<p><span style=\"color: #18336c;\">Ch\u00fang t\u00f4i cung c\u1ea5p c\u00e1c gi\u1ea3i ph\u00e1p l\u1ecdc cho ng\u00e0nh \u0111\u1ed3 u\u1ed1ng, d\u01b0\u1ee3c ph\u1ea9m, mang l\u1ea1i hi\u1ec7u qu\u1ea3 l\u1ecdc cao v\u00e0 ti\u1ebft ki\u1ec7m chi ph\u00ed.<\/span><\/p>\n<p><span style=\"color: #18336c;\">S\u1ea3n ph\u1ea9m c\u1ee7a ch\u00fang t\u00f4i lu\u00f4n duy tr\u00ec c\u00e1c ti\u00eau chu\u1ea9n ch\u1ea5t l\u01b0\u1ee3ng cao.<\/span><\/p>\n<div id=\"eJOY__extension_root\" class=\"eJOY__extension_root_class\" style=\"all: unset;\"><\/div>\n","protected":false},"featured_media":7161,"comment_status":"open","ping_status":"closed","template":"","meta":[],"product_brand":[],"product_cat":[118],"product_tag":[],"class_list":{"0":"post-7208","1":"product","2":"type-product","3":"status-publish","4":"has-post-thumbnail","6":"product_cat-filtration-solution-vi","9":"instock","10":"shipping-taxable","11":"product-type-simple"},"acf":[],"_links":{"self":[{"href":"https:\/\/sepro.vn\/vi\/wp-json\/wp\/v2\/product\/7208","targetHints":{"allow":["GET"]}}],"collection":[{"href":"https:\/\/sepro.vn\/vi\/wp-json\/wp\/v2\/product"}],"about":[{"href":"https:\/\/sepro.vn\/vi\/wp-json\/wp\/v2\/types\/product"}],"replies":[{"embeddable":true,"href":"https:\/\/sepro.vn\/vi\/wp-json\/wp\/v2\/comments?post=7208"}],"version-history":[{"count":6,"href":"https:\/\/sepro.vn\/vi\/wp-json\/wp\/v2\/product\/7208\/revisions"}],"predecessor-version":[{"id":7215,"href":"https:\/\/sepro.vn\/vi\/wp-json\/wp\/v2\/product\/7208\/revisions\/7215"}],"wp:featuredmedia":[{"embeddable":true,"href":"https:\/\/sepro.vn\/vi\/wp-json\/wp\/v2\/media\/7161"}],"wp:attachment":[{"href":"https:\/\/sepro.vn\/vi\/wp-json\/wp\/v2\/media?parent=7208"}],"wp:term":[{"taxonomy":"product_brand","embeddable":true,"href":"https:\/\/sepro.vn\/vi\/wp-json\/wp\/v2\/product_brand?post=7208"},{"taxonomy":"product_cat","embeddable":true,"href":"https:\/\/sepro.vn\/vi\/wp-json\/wp\/v2\/product_cat?post=7208"},{"taxonomy":"product_tag","embeddable":true,"href":"https:\/\/sepro.vn\/vi\/wp-json\/wp\/v2\/product_tag?post=7208"}],"curies":[{"name":"wp","href":"https:\/\/api.w.org\/{rel}","templated":true}]}}