{"id":7079,"date":"2024-06-14T04:07:29","date_gmt":"2024-06-14T04:07:29","guid":{"rendered":"https:\/\/sepro.vn\/product\/absorbent-materials-roll\/"},"modified":"2024-08-13T07:50:30","modified_gmt":"2024-08-13T07:50:30","slug":"absorbent-materials-roll","status":"publish","type":"product","link":"https:\/\/sepro.vn\/vi\/product\/absorbent-materials-roll\/","title":{"rendered":"CU\u1ed8N TH\u1ea4M HO\u00c1 CH\u1ea4T"},"content":{"rendered":"<p>&nbsp;<\/p>\n<div id=\"eJOY__extension_root\" class=\"eJOY__extension_root_class\" style=\"all: unset;\"><\/div>\n","protected":false},"excerpt":{"rendered":"<div class=\"flex flex-grow flex-col max-w-full\">\n<div class=\"min-h-[20px] text-message flex flex-col items-start whitespace-pre-wrap break-words [.text-message+&amp;]:mt-5 juice:w-full juice:items-end overflow-x-auto gap-2\" dir=\"auto\" data-message-author-role=\"assistant\" data-message-id=\"461f8e4b-a75e-4000-b8bc-7dc88433e111\">\n<div class=\"flex w-full flex-col gap-1 juice:empty:hidden juice:first:pt-[3px]\">\n<div class=\"markdown prose w-full break-words dark:prose-invert light\">\n<p><span style=\"color: #18336c;\">Khi x\u1eed l\u00fd s\u1ef1 c\u1ed1 tr\u00e0n h\u00f3a ch\u1ea5t, \u0111i\u1ec1u quan tr\u1ecdng l\u00e0 ph\u1ea3i s\u1eed d\u1ee5ng c\u00e1c ch\u1ea5t th\u1ea5m t\u1ed1t nh\u1ea5t. <strong>Mi\u1ebfng th\u1ea5m SEPRO<\/strong> l\u00e0 s\u1ef1 l\u1ef1a ch\u1ecdn tuy\u1ec7t v\u1eddi cho c\u00e1c t\u00ecnh hu\u1ed1ng tr\u00e0n h\u00f3a ch\u1ea5t v\u00e0 l\u00e0 m\u1ed9t ph\u1ea7n quan tr\u1ecdng c\u1ee7a b\u1ea5t k\u1ef3 k\u1ebf ho\u1ea1ch ki\u1ec3m so\u00e1t s\u1ef1 tr\u00e0n.<\/span><\/p>\n<p><span style=\"color: #18336c;\"><strong>T\u1ea5m th\u1ea5m h\u00f3a ch\u1ea5t SEPRO<\/strong> ho\u1ea1t \u0111\u1ed9ng xu\u1ea5t s\u1eafc v\u1edbi c\u00e1c ch\u1ea5t l\u1ecfng m\u1ea1nh, bao g\u1ed3m axit hydrofluoric, axit sulfuric, axit nitric, axit phosphoric v\u00e0 axit hydrochloric, c\u0169ng nh\u01b0 c\u00e1c h\u00f3a ch\u1ea5t kh\u1eafc nghi\u1ec7t kh\u00e1c m\u00e0 kh\u00f4ng b\u1ecb suy gi\u1ea3m ch\u1ea5t l\u01b0\u1ee3ng.<\/span><\/p>\n<p><span style=\"color: #18336c;\">C\u00e1c mi\u1ebfng th\u1ea5m n\u00e0y \u0111\u01b0\u1ee3c thi\u1ebft k\u1ebf \u0111\u1eb7c bi\u1ec7t \u0111\u1ec3 s\u1eed d\u1ee5ng v\u1edbi h\u00f3a ch\u1ea5t v\u00e0 ch\u1ea5t l\u1ecfng nguy hi\u1ec3m, c\u00f3 m\u00e0u v\u00e0ng s\u00e1ng \u0111\u1ec3 ch\u1ec9 ra v\u1eadt li\u1ec7u nguy hi\u1ec3m, \u0111\u00e1p \u1ee9ng c\u00e1c ti\u00eau chu\u1ea9n c\u1ee7a ng\u00e0nh. Ch\u00fang ph\u00f9 h\u1ee3p cho t\u1ea5t c\u1ea3 c\u00e1c khu v\u1ef1c c\u1ee7a nh\u00e0 m\u00e1y h\u00f3a ch\u1ea5t v\u00e0 s\u1ea3n xu\u1ea5t.<\/span><\/p>\n<\/div>\n<\/div>\n<\/div>\n<\/div>\n<div class=\"mt-1 flex gap-3 empty:hidden juice:-ml-3\">\n<div class=\"items-center justify-start rounded-xl p-1 flex\">\n<div class=\"flex items-center\">\n<div class=\"flex items-center pb-0.5 juice:pb-0\"><\/div>\n<\/div>\n<\/div>\n<\/div>\n<div id=\"eJOY__extension_root\" class=\"eJOY__extension_root_class\" style=\"all: unset;\"><\/div>\n","protected":false},"featured_media":6539,"comment_status":"open","ping_status":"closed","template":"","meta":[],"product_cat":[115],"product_tag":[],"class_list":{"0":"post-7079","1":"product","2":"type-product","3":"status-publish","4":"has-post-thumbnail","6":"product_cat-absorbent-materials-vi","9":"instock","10":"shipping-taxable","11":"product-type-simple"},"acf":[],"_links":{"self":[{"href":"https:\/\/sepro.vn\/vi\/wp-json\/wp\/v2\/product\/7079","targetHints":{"allow":["GET"]}}],"collection":[{"href":"https:\/\/sepro.vn\/vi\/wp-json\/wp\/v2\/product"}],"about":[{"href":"https:\/\/sepro.vn\/vi\/wp-json\/wp\/v2\/types\/product"}],"replies":[{"embeddable":true,"href":"https:\/\/sepro.vn\/vi\/wp-json\/wp\/v2\/comments?post=7079"}],"version-history":[{"count":3,"href":"https:\/\/sepro.vn\/vi\/wp-json\/wp\/v2\/product\/7079\/revisions"}],"predecessor-version":[{"id":7337,"href":"https:\/\/sepro.vn\/vi\/wp-json\/wp\/v2\/product\/7079\/revisions\/7337"}],"wp:featuredmedia":[{"embeddable":true,"href":"https:\/\/sepro.vn\/vi\/wp-json\/wp\/v2\/media\/6539"}],"wp:attachment":[{"href":"https:\/\/sepro.vn\/vi\/wp-json\/wp\/v2\/media?parent=7079"}],"wp:term":[{"taxonomy":"product_cat","embeddable":true,"href":"https:\/\/sepro.vn\/vi\/wp-json\/wp\/v2\/product_cat?post=7079"},{"taxonomy":"product_tag","embeddable":true,"href":"https:\/\/sepro.vn\/vi\/wp-json\/wp\/v2\/product_tag?post=7079"}],"curies":[{"name":"wp","href":"https:\/\/api.w.org\/{rel}","templated":true}]}}