{"id":7066,"date":"2024-06-14T04:36:37","date_gmt":"2024-06-14T04:36:37","guid":{"rendered":"https:\/\/sepro.vn\/product\/mop-heads\/"},"modified":"2024-08-20T06:22:47","modified_gmt":"2024-08-20T06:22:47","slug":"mop-heads","status":"publish","type":"product","link":"https:\/\/sepro.vn\/vi\/product\/mop-heads\/","title":{"rendered":"\u0110\u1ea6U LAU"},"content":{"rendered":"<p>&nbsp;<\/p>\n<div id=\"eJOY__extension_root\" class=\"eJOY__extension_root_class\" style=\"all: unset;\"><\/div>\n","protected":false},"excerpt":{"rendered":"<p><span style=\"color: #18336c;\"><strong>Sepro<\/strong> cung c\u1ea5p nhi\u1ec1u lo\u1ea1i \u0111\u1ea7u lau v\u00e0 v\u1ecf lau thay th\u1ebf kh\u00e1c nhau, th\u00edch h\u1ee3p cho m\u1ecdi nhu c\u1ea7u v\u1ec7 sinh tr\u1ea7n, t\u01b0\u1eddng v\u00e0 s\u00e0n.<\/span><\/p>\n<p><span style=\"color: #18336c;\">Ch\u00fang t\u00f4i cung c\u1ea5p \u0111a d\u1ea1ng lo\u1ea1i \u0111\u1ea7u lau nh\u01b0 b\u1ecdt bi\u1ec3n, polyester, polyester li\u1ec1n m\u1ea1ch v\u00e0 \u0111\u1ea7u lau CP kh\u00f4ng d\u1ec7t.<\/span><\/p>\n<p><span style=\"color: #18336c;\">Nh\u1eefng s\u1ea3n ph\u1ea9m n\u00e0y \u0111\u01b0\u1ee3c thi\u1ebft k\u1ebf v\u00e0 ch\u1ebf t\u1ea1o v\u1edbi nhi\u1ec1u lo\u1ea1i \u0111\u1ea7u lau v\u00e0 v\u1ecf lau, \u0111\u1ec3 ph\u00f9 h\u1ee3p v\u1edbi h\u1ea7u h\u1ebft m\u1ecdi nhu c\u1ea7u nh\u01b0 l\u00e0 khu v\u1ef1c r\u1ed9ng l\u1edbn v\u00e0 ph\u00f2ng c\u00e1ch ly.<\/span><\/p>\n<div id=\"eJOY__extension_root\" class=\"eJOY__extension_root_class\" style=\"all: unset;\"><\/div>\n","protected":false},"featured_media":6500,"comment_status":"open","ping_status":"closed","template":"","meta":[],"product_brand":[],"product_cat":[114],"product_tag":[],"class_list":{"0":"post-7066","1":"product","2":"type-product","3":"status-publish","4":"has-post-thumbnail","6":"product_cat-mopping-system-vi","9":"instock","10":"shipping-taxable","11":"product-type-simple"},"acf":[],"_links":{"self":[{"href":"https:\/\/sepro.vn\/vi\/wp-json\/wp\/v2\/product\/7066","targetHints":{"allow":["GET"]}}],"collection":[{"href":"https:\/\/sepro.vn\/vi\/wp-json\/wp\/v2\/product"}],"about":[{"href":"https:\/\/sepro.vn\/vi\/wp-json\/wp\/v2\/types\/product"}],"replies":[{"embeddable":true,"href":"https:\/\/sepro.vn\/vi\/wp-json\/wp\/v2\/comments?post=7066"}],"version-history":[{"count":6,"href":"https:\/\/sepro.vn\/vi\/wp-json\/wp\/v2\/product\/7066\/revisions"}],"predecessor-version":[{"id":7432,"href":"https:\/\/sepro.vn\/vi\/wp-json\/wp\/v2\/product\/7066\/revisions\/7432"}],"wp:featuredmedia":[{"embeddable":true,"href":"https:\/\/sepro.vn\/vi\/wp-json\/wp\/v2\/media\/6500"}],"wp:attachment":[{"href":"https:\/\/sepro.vn\/vi\/wp-json\/wp\/v2\/media?parent=7066"}],"wp:term":[{"taxonomy":"product_brand","embeddable":true,"href":"https:\/\/sepro.vn\/vi\/wp-json\/wp\/v2\/product_brand?post=7066"},{"taxonomy":"product_cat","embeddable":true,"href":"https:\/\/sepro.vn\/vi\/wp-json\/wp\/v2\/product_cat?post=7066"},{"taxonomy":"product_tag","embeddable":true,"href":"https:\/\/sepro.vn\/vi\/wp-json\/wp\/v2\/product_tag?post=7066"}],"curies":[{"name":"wp","href":"https:\/\/api.w.org\/{rel}","templated":true}]}}