{"id":7029,"date":"2024-06-13T09:26:16","date_gmt":"2024-06-13T09:26:16","guid":{"rendered":"https:\/\/sepro.vn\/product\/cotton-swabs\/"},"modified":"2024-08-20T06:31:31","modified_gmt":"2024-08-20T06:31:31","slug":"cotton-swabs","status":"publish","type":"product","link":"https:\/\/sepro.vn\/vi\/product\/cotton-swabs\/","title":{"rendered":"T\u0102M B\u00d4NG COTTON"},"content":{"rendered":"","protected":false},"excerpt":{"rendered":"<p><span style=\"color: #18336c;\"><strong>T\u0103m b\u00f4ng Cotton<\/strong> \u0111\u01b0\u1ee3c l\u00e0m t\u1eeb c\u00e1c s\u1ee3i b\u00f4ng d\u00e0i nh\u1ea5t k\u1ebft h\u1ee3p v\u1edbi ch\u1ea5t k\u1ebft d\u00ednh methyl-cellulose \u0111\u01a1n gi\u1ea3n. Nh\u1edd v\u00e0o s\u1ef1 k\u1ebft h\u1ee3p n\u00e0y, t\u0103m b\u00f4ng mang l\u1ea1i \u0111\u1ed9 s\u1ea1ch v\u01b0\u1ee3t tr\u1ed9i v\u1edbi m\u1ee9c l\u01b0\u1ee3ng c\u1eb7n b\u00e3, h\u1ea1t v\u00e0 s\u1ee3i r\u01a1i ra t\u1ed1i thi\u1ec3u.<\/span><\/p>\n","protected":false},"featured_media":6801,"comment_status":"open","ping_status":"closed","template":"","meta":[],"product_brand":[],"product_cat":[60,112],"product_tag":[],"class_list":{"0":"post-7029","1":"product","2":"type-product","3":"status-publish","4":"has-post-thumbnail","6":"product_cat-cleaning-solutions","7":"product_cat-swab-vi","10":"instock","11":"shipping-taxable","12":"product-type-simple"},"acf":[],"_links":{"self":[{"href":"https:\/\/sepro.vn\/vi\/wp-json\/wp\/v2\/product\/7029","targetHints":{"allow":["GET"]}}],"collection":[{"href":"https:\/\/sepro.vn\/vi\/wp-json\/wp\/v2\/product"}],"about":[{"href":"https:\/\/sepro.vn\/vi\/wp-json\/wp\/v2\/types\/product"}],"replies":[{"embeddable":true,"href":"https:\/\/sepro.vn\/vi\/wp-json\/wp\/v2\/comments?post=7029"}],"version-history":[{"count":3,"href":"https:\/\/sepro.vn\/vi\/wp-json\/wp\/v2\/product\/7029\/revisions"}],"predecessor-version":[{"id":7437,"href":"https:\/\/sepro.vn\/vi\/wp-json\/wp\/v2\/product\/7029\/revisions\/7437"}],"wp:featuredmedia":[{"embeddable":true,"href":"https:\/\/sepro.vn\/vi\/wp-json\/wp\/v2\/media\/6801"}],"wp:attachment":[{"href":"https:\/\/sepro.vn\/vi\/wp-json\/wp\/v2\/media?parent=7029"}],"wp:term":[{"taxonomy":"product_brand","embeddable":true,"href":"https:\/\/sepro.vn\/vi\/wp-json\/wp\/v2\/product_brand?post=7029"},{"taxonomy":"product_cat","embeddable":true,"href":"https:\/\/sepro.vn\/vi\/wp-json\/wp\/v2\/product_cat?post=7029"},{"taxonomy":"product_tag","embeddable":true,"href":"https:\/\/sepro.vn\/vi\/wp-json\/wp\/v2\/product_tag?post=7029"}],"curies":[{"name":"wp","href":"https:\/\/api.w.org\/{rel}","templated":true}]}}