{"id":7016,"date":"2024-06-13T07:44:40","date_gmt":"2024-06-13T07:44:40","guid":{"rendered":"https:\/\/sepro.vn\/product\/polyester-swabs\/"},"modified":"2024-08-20T06:29:18","modified_gmt":"2024-08-20T06:29:18","slug":"polyester-swabs","status":"publish","type":"product","link":"https:\/\/sepro.vn\/vi\/product\/polyester-swabs\/","title":{"rendered":"T\u0102M B\u00d4NG POLYESTER"},"content":{"rendered":"","protected":false},"excerpt":{"rendered":"<p><span style=\"color: #18336c;\"><strong>T\u0103m b\u00f4ng ph\u00f2ng s\u1ea1ch polyester<\/strong> l\u00e0 m\u1ed9t l\u1ef1a ch\u1ecdn tuy\u1ec7t v\u1eddi \u0111\u1ec3 l\u00e0m s\u1ea1ch c\u00e1c khu v\u1ef1c c\u00f3 r\u00e3nh, khe v\u00e0 c\u00e1c v\u00f9ng l\u00f5m. \u0110\u1ea7u t\u0103m b\u00f4ng l\u00e0m t\u1eeb polyester \u0111\u01b0\u1ee3c d\u1ec7t kim v\u00e0 gi\u1eb7t trong ph\u00f2ng s\u1ea1ch, r\u1ea5t s\u1ea1ch s\u1ebd v\u00e0 b\u1ec1n b\u1ec9. V\u1edbi tay c\u1ea7m v\u00e0 \u0111\u1ea7u t\u0103m b\u00f4ng c\u1ee9ng c\u00e1p \u1edf b\u00ean trong, gi\u00fap cung c\u1ea5p s\u1ef1 h\u1ed7 tr\u1ee3 ch\u1eafc ch\u1eafn v\u00e0 s\u1ef1 ki\u1ec3m so\u00e1t ch\u00ednh x\u00e1c.<\/span><\/p>\n","protected":false},"featured_media":6455,"comment_status":"open","ping_status":"closed","template":"","meta":[],"product_brand":[],"product_cat":[60,112],"product_tag":[],"class_list":{"0":"post-7016","1":"product","2":"type-product","3":"status-publish","4":"has-post-thumbnail","6":"product_cat-cleaning-solutions","7":"product_cat-swab-vi","10":"instock","11":"shipping-taxable","12":"product-type-simple"},"acf":[],"_links":{"self":[{"href":"https:\/\/sepro.vn\/vi\/wp-json\/wp\/v2\/product\/7016","targetHints":{"allow":["GET"]}}],"collection":[{"href":"https:\/\/sepro.vn\/vi\/wp-json\/wp\/v2\/product"}],"about":[{"href":"https:\/\/sepro.vn\/vi\/wp-json\/wp\/v2\/types\/product"}],"replies":[{"embeddable":true,"href":"https:\/\/sepro.vn\/vi\/wp-json\/wp\/v2\/comments?post=7016"}],"version-history":[{"count":4,"href":"https:\/\/sepro.vn\/vi\/wp-json\/wp\/v2\/product\/7016\/revisions"}],"predecessor-version":[{"id":7435,"href":"https:\/\/sepro.vn\/vi\/wp-json\/wp\/v2\/product\/7016\/revisions\/7435"}],"wp:featuredmedia":[{"embeddable":true,"href":"https:\/\/sepro.vn\/vi\/wp-json\/wp\/v2\/media\/6455"}],"wp:attachment":[{"href":"https:\/\/sepro.vn\/vi\/wp-json\/wp\/v2\/media?parent=7016"}],"wp:term":[{"taxonomy":"product_brand","embeddable":true,"href":"https:\/\/sepro.vn\/vi\/wp-json\/wp\/v2\/product_brand?post=7016"},{"taxonomy":"product_cat","embeddable":true,"href":"https:\/\/sepro.vn\/vi\/wp-json\/wp\/v2\/product_cat?post=7016"},{"taxonomy":"product_tag","embeddable":true,"href":"https:\/\/sepro.vn\/vi\/wp-json\/wp\/v2\/product_tag?post=7016"}],"curies":[{"name":"wp","href":"https:\/\/api.w.org\/{rel}","templated":true}]}}