{"id":6984,"date":"2024-06-13T02:09:14","date_gmt":"2024-06-13T02:09:14","guid":{"rendered":"https:\/\/sepro.vn\/product\/esd-wiper\/"},"modified":"2024-08-20T07:14:06","modified_gmt":"2024-08-20T07:14:06","slug":"esd-wiper","status":"publish","type":"product","link":"https:\/\/sepro.vn\/vi\/product\/esd-wiper\/","title":{"rendered":"KH\u0102N LAU ESD"},"content":{"rendered":"","protected":false},"excerpt":{"rendered":"<p><span style=\"color: #18336c;\"><strong>Kh\u0103n lau ESD Polyester<\/strong> \u0111\u01b0\u1ee3c l\u00e0m ho\u00e0n to\u00e0n t\u1eeb s\u1ee3i polyester v\u1edbi c\u00e1c s\u1ee3i d\u1eabn \u0111i\u1ec7n gi\u00fap ph\u00e2n t\u00e1n \u0111i\u1ec7n t\u00edch v\u00e0 ki\u1ec3m so\u00e1t t\u0129nh \u0111i\u1ec7n.<\/span><\/p>\n<p><span style=\"color: #18336c;\">Kh\u0103n lau n\u00e0y r\u1ea5t ph\u00f9 h\u1ee3p \u0111\u1ec3 lau c\u00e1c b\u1ec1 m\u1eb7t c\u1ee7a s\u1ea3n ph\u1ea9m trong c\u00e1c khu v\u1ef1c nh\u1ea1y c\u1ea3m v\u1edbi t\u0129nh \u0111i\u1ec7n, c\u0169ng nh\u01b0 \u0111\u1ec3 l\u00e0m s\u1ea1ch c\u00e1c c\u00f4ng c\u1ee5 v\u00e0 thi\u1ebft b\u1ecb trong quy tr\u00ecnh s\u1ea3n xu\u1ea5t.<\/span><\/p>\n<p>&nbsp;<\/p>\n","protected":false},"featured_media":6407,"comment_status":"open","ping_status":"closed","template":"","meta":[],"product_brand":[],"product_cat":[60,110],"product_tag":[],"class_list":{"0":"post-6984","1":"product","2":"type-product","3":"status-publish","4":"has-post-thumbnail","6":"product_cat-cleaning-solutions","7":"product_cat-wiper-vi","10":"instock","11":"shipping-taxable","12":"product-type-simple"},"acf":[],"_links":{"self":[{"href":"https:\/\/sepro.vn\/vi\/wp-json\/wp\/v2\/product\/6984","targetHints":{"allow":["GET"]}}],"collection":[{"href":"https:\/\/sepro.vn\/vi\/wp-json\/wp\/v2\/product"}],"about":[{"href":"https:\/\/sepro.vn\/vi\/wp-json\/wp\/v2\/types\/product"}],"replies":[{"embeddable":true,"href":"https:\/\/sepro.vn\/vi\/wp-json\/wp\/v2\/comments?post=6984"}],"version-history":[{"count":4,"href":"https:\/\/sepro.vn\/vi\/wp-json\/wp\/v2\/product\/6984\/revisions"}],"predecessor-version":[{"id":7445,"href":"https:\/\/sepro.vn\/vi\/wp-json\/wp\/v2\/product\/6984\/revisions\/7445"}],"wp:featuredmedia":[{"embeddable":true,"href":"https:\/\/sepro.vn\/vi\/wp-json\/wp\/v2\/media\/6407"}],"wp:attachment":[{"href":"https:\/\/sepro.vn\/vi\/wp-json\/wp\/v2\/media?parent=6984"}],"wp:term":[{"taxonomy":"product_brand","embeddable":true,"href":"https:\/\/sepro.vn\/vi\/wp-json\/wp\/v2\/product_brand?post=6984"},{"taxonomy":"product_cat","embeddable":true,"href":"https:\/\/sepro.vn\/vi\/wp-json\/wp\/v2\/product_cat?post=6984"},{"taxonomy":"product_tag","embeddable":true,"href":"https:\/\/sepro.vn\/vi\/wp-json\/wp\/v2\/product_tag?post=6984"}],"curies":[{"name":"wp","href":"https:\/\/api.w.org\/{rel}","templated":true}]}}