{"id":6972,"date":"2024-06-12T08:38:20","date_gmt":"2024-06-12T08:38:20","guid":{"rendered":"https:\/\/sepro.vn\/product\/sepro-smt-roller\/"},"modified":"2024-08-20T04:53:58","modified_gmt":"2024-08-20T04:53:58","slug":"sepro-smt-roller","status":"publish","type":"product","link":"https:\/\/sepro.vn\/vi\/product\/sepro-smt-roller\/","title":{"rendered":"CON L\u0102N SMT"},"content":{"rendered":"","protected":false},"excerpt":{"rendered":"<p><span style=\"color: #18336c;\"><strong>Con l\u0103n SMT<\/strong> \u0111\u01b0\u1ee3c l\u00e0m t\u1eeb h\u1ed7n h\u1ee3p polyester\/xenlulo, polyester\/nylon, ho\u1eb7c polyester\/rayon, ho\u1eb7c s\u1ee3i rayon 100%, c\u00f3 t\u00ednh n\u0103ng \u00edt x\u01a1 v\u00e0 kh\u1ea3 n\u0103ng th\u1ea5m h\u00fat cao c\u0169ng nh\u01b0 kh\u1ea3 n\u0103ng lau ch\u00f9i t\u1ed1t. Chi\u1ec1u r\u1ed9ng v\u00e0 chi\u1ec1u d\u00e0i c\u1ee7a kh\u0103n lau d\u1ea1ng cu\u1ed9n SMT c\u00f3 th\u1ec3 \u0111\u01b0\u1ee3c t\u00f9y ch\u1ec9nh \u0111\u1ec3 ph\u00f9 h\u1ee3p v\u1edbi nhu c\u1ea7u c\u1ee5 th\u1ec3 c\u1ee7a Kh\u00e1ch h\u00e0ng. V\u1eadt li\u1ec7u n\u00e0y r\u1ea5t th\u00edch h\u1ee3p cho vi\u1ec7c ki\u1ec3m so\u00e1t s\u1ef1 tr\u00e0n \u0111\u1ed5 v\u00e0 c\u00e1c m\u1ee5c \u0111\u00edch lau ch\u00f9i \u0111a n\u0103ng, lau ch\u00f9i d\u01b0\u1edbi khu\u00f4n m\u1eabu cho m\u1ecdi th\u01b0\u01a1ng hi\u1ec7u m\u00e1y in m\u00e0n h\u00ecnh.<\/span><\/p>\n","protected":false},"featured_media":6392,"comment_status":"open","ping_status":"closed","template":"","meta":[],"product_brand":[],"product_cat":[60,110],"product_tag":[],"class_list":{"0":"post-6972","1":"product","2":"type-product","3":"status-publish","4":"has-post-thumbnail","6":"product_cat-cleaning-solutions","7":"product_cat-wiper-vi","10":"instock","11":"shipping-taxable","12":"product-type-simple"},"acf":[],"_links":{"self":[{"href":"https:\/\/sepro.vn\/vi\/wp-json\/wp\/v2\/product\/6972","targetHints":{"allow":["GET"]}}],"collection":[{"href":"https:\/\/sepro.vn\/vi\/wp-json\/wp\/v2\/product"}],"about":[{"href":"https:\/\/sepro.vn\/vi\/wp-json\/wp\/v2\/types\/product"}],"replies":[{"embeddable":true,"href":"https:\/\/sepro.vn\/vi\/wp-json\/wp\/v2\/comments?post=6972"}],"version-history":[{"count":4,"href":"https:\/\/sepro.vn\/vi\/wp-json\/wp\/v2\/product\/6972\/revisions"}],"predecessor-version":[{"id":7431,"href":"https:\/\/sepro.vn\/vi\/wp-json\/wp\/v2\/product\/6972\/revisions\/7431"}],"wp:featuredmedia":[{"embeddable":true,"href":"https:\/\/sepro.vn\/vi\/wp-json\/wp\/v2\/media\/6392"}],"wp:attachment":[{"href":"https:\/\/sepro.vn\/vi\/wp-json\/wp\/v2\/media?parent=6972"}],"wp:term":[{"taxonomy":"product_brand","embeddable":true,"href":"https:\/\/sepro.vn\/vi\/wp-json\/wp\/v2\/product_brand?post=6972"},{"taxonomy":"product_cat","embeddable":true,"href":"https:\/\/sepro.vn\/vi\/wp-json\/wp\/v2\/product_cat?post=6972"},{"taxonomy":"product_tag","embeddable":true,"href":"https:\/\/sepro.vn\/vi\/wp-json\/wp\/v2\/product_tag?post=6972"}],"curies":[{"name":"wp","href":"https:\/\/api.w.org\/{rel}","templated":true}]}}