{"id":6956,"date":"2024-06-17T02:38:36","date_gmt":"2024-06-17T02:38:36","guid":{"rendered":"https:\/\/sepro.vn\/product\/screen-printing-for-pcb-manufacturing\/"},"modified":"2024-08-20T04:38:28","modified_gmt":"2024-08-20T04:38:28","slug":"screen-printing-for-pcb-manufacturing","status":"publish","type":"product","link":"https:\/\/sepro.vn\/vi\/product\/screen-printing-for-pcb-manufacturing\/","title":{"rendered":"C\u00d4NG NGH\u1ec6 IN L\u01af\u1edaI CHO PCB"},"content":{"rendered":"","protected":false},"excerpt":{"rendered":"<p><span style=\"color: #18336c;\">Ch\u00fang t\u00f4i chuy\u00ean cung c\u1ea5p c\u00e1c gi\u1ea3i ph\u00e1p in l\u1ee5a to\u00e0n di\u1ec7n cho s\u1ea3n xu\u1ea5t PCB (B\u1ea3ng m\u1ea1ch in). C\u00e1c d\u1ecbch v\u1ee5 c\u1ee7a ch\u00fang t\u00f4i bao g\u1ed3m t\u1eeb cung c\u1ea5p v\u1ea3i l\u01b0\u1edbi ch\u1ea5t l\u01b0\u1ee3ng cao \u0111\u1ebfn k\u00e9o gi\u00e3n stencil chuy\u00ean nghi\u1ec7p, \u0111\u1ea3m b\u1ea3o k\u1ebft qu\u1ea3 ch\u00ednh x\u00e1c v\u00e0 \u0111\u00e1ng tin c\u1eady cho nhu c\u1ea7u s\u1ea3n xu\u1ea5t PCB c\u1ee7a b\u1ea1n.<\/span><\/p>\n","protected":false},"featured_media":6741,"comment_status":"open","ping_status":"closed","template":"","meta":[],"product_brand":[],"product_cat":[62],"product_tag":[],"class_list":{"0":"post-6956","1":"product","2":"type-product","3":"status-publish","4":"has-post-thumbnail","6":"product_cat-cleanroom-metal-processing","9":"instock","10":"shipping-taxable","11":"product-type-simple"},"acf":[],"_links":{"self":[{"href":"https:\/\/sepro.vn\/vi\/wp-json\/wp\/v2\/product\/6956","targetHints":{"allow":["GET"]}}],"collection":[{"href":"https:\/\/sepro.vn\/vi\/wp-json\/wp\/v2\/product"}],"about":[{"href":"https:\/\/sepro.vn\/vi\/wp-json\/wp\/v2\/types\/product"}],"replies":[{"embeddable":true,"href":"https:\/\/sepro.vn\/vi\/wp-json\/wp\/v2\/comments?post=6956"}],"version-history":[{"count":3,"href":"https:\/\/sepro.vn\/vi\/wp-json\/wp\/v2\/product\/6956\/revisions"}],"predecessor-version":[{"id":7428,"href":"https:\/\/sepro.vn\/vi\/wp-json\/wp\/v2\/product\/6956\/revisions\/7428"}],"wp:featuredmedia":[{"embeddable":true,"href":"https:\/\/sepro.vn\/vi\/wp-json\/wp\/v2\/media\/6741"}],"wp:attachment":[{"href":"https:\/\/sepro.vn\/vi\/wp-json\/wp\/v2\/media?parent=6956"}],"wp:term":[{"taxonomy":"product_brand","embeddable":true,"href":"https:\/\/sepro.vn\/vi\/wp-json\/wp\/v2\/product_brand?post=6956"},{"taxonomy":"product_cat","embeddable":true,"href":"https:\/\/sepro.vn\/vi\/wp-json\/wp\/v2\/product_cat?post=6956"},{"taxonomy":"product_tag","embeddable":true,"href":"https:\/\/sepro.vn\/vi\/wp-json\/wp\/v2\/product_tag?post=6956"}],"curies":[{"name":"wp","href":"https:\/\/api.w.org\/{rel}","templated":true}]}}