{"id":6947,"date":"2024-06-12T08:13:37","date_gmt":"2024-06-12T08:13:37","guid":{"rendered":"https:\/\/sepro.vn\/product\/sepro-microfiber-wiper\/"},"modified":"2024-08-20T07:11:25","modified_gmt":"2024-08-20T07:11:25","slug":"sepro-microfiber-wiper","status":"publish","type":"product","link":"https:\/\/sepro.vn\/vi\/product\/sepro-microfiber-wiper\/","title":{"rendered":"KH\u0102N LAU MICROFIBER"},"content":{"rendered":"","protected":false},"excerpt":{"rendered":"<p><span style=\"color: #18336c;\"><strong>Kh\u0103n lau Microfiber <\/strong>\u0111\u01b0\u1ee3c l\u00e0m t\u1eeb c\u00e1c s\u1ee3i polyester r\u1ea5t m\u1ea3nh, kh\u00f4ng b\u1ecb \u0111\u1ee9t g\u00e3y. Nh\u1eefng s\u1ee3i n\u00e0y c\u00f3 \u0111\u01b0\u1eddng k\u00ednh c\u1ef1c k\u1ef3 nh\u1ecf, c\u00f3 di\u1ec7n t\u00edch ti\u1ebfp x\u00fac gi\u1eefa s\u1ee3i v\u00e0 b\u1ee5i cao, \u0111\u1ea3m b\u1ea3o hi\u1ec7u su\u1ea5t lau ch\u00f9i. H\u01a1n n\u1eefa, ti\u1ebft di\u1ec7n h\u00ecnh n\u00eam c\u1ee7a n\u00f3 ho\u1ea1t \u0111\u1ed9ng nh\u01b0 nh\u1eefng chi\u1ebfc g\u1ea1t n\u01b0\u1edbc, t\u1ea1o ra s\u1ef1 ti\u1ebfp x\u00fac v\u01b0\u1ee3t tr\u1ed9i v\u1edbi b\u1ec1 m\u1eb7t c\u1ea7n l\u00e0m s\u1ea1ch, mang l\u1ea1i kh\u1ea3 n\u0103ng th\u1ea5m h\u00fat v\u00e0 d\u00ednh h\u1ea1t b\u1ee5i t\u1ed1t.<\/span><\/p>\n","protected":false},"featured_media":6355,"comment_status":"open","ping_status":"closed","template":"","meta":[],"product_brand":[],"product_cat":[60,110],"product_tag":[],"class_list":{"0":"post-6947","1":"product","2":"type-product","3":"status-publish","4":"has-post-thumbnail","6":"product_cat-cleaning-solutions","7":"product_cat-wiper-vi","10":"instock","11":"shipping-taxable","12":"product-type-simple"},"acf":[],"_links":{"self":[{"href":"https:\/\/sepro.vn\/vi\/wp-json\/wp\/v2\/product\/6947","targetHints":{"allow":["GET"]}}],"collection":[{"href":"https:\/\/sepro.vn\/vi\/wp-json\/wp\/v2\/product"}],"about":[{"href":"https:\/\/sepro.vn\/vi\/wp-json\/wp\/v2\/types\/product"}],"replies":[{"embeddable":true,"href":"https:\/\/sepro.vn\/vi\/wp-json\/wp\/v2\/comments?post=6947"}],"version-history":[{"count":6,"href":"https:\/\/sepro.vn\/vi\/wp-json\/wp\/v2\/product\/6947\/revisions"}],"predecessor-version":[{"id":7442,"href":"https:\/\/sepro.vn\/vi\/wp-json\/wp\/v2\/product\/6947\/revisions\/7442"}],"wp:featuredmedia":[{"embeddable":true,"href":"https:\/\/sepro.vn\/vi\/wp-json\/wp\/v2\/media\/6355"}],"wp:attachment":[{"href":"https:\/\/sepro.vn\/vi\/wp-json\/wp\/v2\/media?parent=6947"}],"wp:term":[{"taxonomy":"product_brand","embeddable":true,"href":"https:\/\/sepro.vn\/vi\/wp-json\/wp\/v2\/product_brand?post=6947"},{"taxonomy":"product_cat","embeddable":true,"href":"https:\/\/sepro.vn\/vi\/wp-json\/wp\/v2\/product_cat?post=6947"},{"taxonomy":"product_tag","embeddable":true,"href":"https:\/\/sepro.vn\/vi\/wp-json\/wp\/v2\/product_tag?post=6947"}],"curies":[{"name":"wp","href":"https:\/\/api.w.org\/{rel}","templated":true}]}}