{"id":6894,"date":"2024-06-12T07:57:08","date_gmt":"2024-06-12T07:57:08","guid":{"rendered":"https:\/\/sepro.vn\/product\/sepro-l-polyester-wiper\/"},"modified":"2024-08-20T07:08:28","modified_gmt":"2024-08-20T07:08:28","slug":"sepro-l-polyester-wiper","status":"publish","type":"product","link":"https:\/\/sepro.vn\/vi\/product\/sepro-l-polyester-wiper\/","title":{"rendered":"KH\u0102N LAU POLYESTER"},"content":{"rendered":"","protected":false},"excerpt":{"rendered":"<p><span style=\"color: #18336c;\"><strong>Kh\u0103n lau Polyester<\/strong> l\u00e0 m\u1ed9t s\u1ea3n ph\u1ea9m ch\u1ea5t l\u01b0\u1ee3ng cao, \u0111\u01b0\u1ee3c ch\u1ebf t\u1ea1o t\u1eeb 100% s\u1ee3i polyester li\u1ec1n m\u1ea1ch v\u1edbi c\u1ea5u tr\u00fac \u0111an k\u00e9p, mang l\u1ea1i \u0111\u1ed9 b\u1ec1n v\u00e0 kh\u1ea3 n\u0103ng th\u1ea5m h\u00fat v\u01b0\u1ee3t tr\u1ed9i. \u0110i\u1ec1u \u0111\u1eb7c bi\u1ec7t v\u1ec1 kh\u0103n lau n\u00e0y l\u00e0 c\u1ea3 b\u1ed1n c\u1ea1nh \u0111\u1ec1u \u0111\u01b0\u1ee3c c\u1eaft v\u00e0 ni\u00eam phong b\u1eb1ng c\u00f4ng ngh\u1ec7 laser ti\u00ean ti\u1ebfn, gi\u00fap ng\u0103n ch\u1eb7n hi\u1ec7u qu\u1ea3 s\u1ef1 ph\u00e1t t\u00e1n c\u1ee7a h\u1ea1t v\u00e0 s\u1ee3i.<\/span><\/p>\n","protected":false},"featured_media":6349,"comment_status":"open","ping_status":"closed","template":"","meta":[],"product_cat":[110,60],"product_tag":[],"class_list":{"0":"post-6894","1":"product","2":"type-product","3":"status-publish","4":"has-post-thumbnail","6":"product_cat-wiper-vi","7":"product_cat-cleaning-solutions","10":"instock","11":"shipping-taxable","12":"product-type-simple"},"acf":[],"_links":{"self":[{"href":"https:\/\/sepro.vn\/vi\/wp-json\/wp\/v2\/product\/6894","targetHints":{"allow":["GET"]}}],"collection":[{"href":"https:\/\/sepro.vn\/vi\/wp-json\/wp\/v2\/product"}],"about":[{"href":"https:\/\/sepro.vn\/vi\/wp-json\/wp\/v2\/types\/product"}],"replies":[{"embeddable":true,"href":"https:\/\/sepro.vn\/vi\/wp-json\/wp\/v2\/comments?post=6894"}],"version-history":[{"count":5,"href":"https:\/\/sepro.vn\/vi\/wp-json\/wp\/v2\/product\/6894\/revisions"}],"predecessor-version":[{"id":7441,"href":"https:\/\/sepro.vn\/vi\/wp-json\/wp\/v2\/product\/6894\/revisions\/7441"}],"wp:featuredmedia":[{"embeddable":true,"href":"https:\/\/sepro.vn\/vi\/wp-json\/wp\/v2\/media\/6349"}],"wp:attachment":[{"href":"https:\/\/sepro.vn\/vi\/wp-json\/wp\/v2\/media?parent=6894"}],"wp:term":[{"taxonomy":"product_cat","embeddable":true,"href":"https:\/\/sepro.vn\/vi\/wp-json\/wp\/v2\/product_cat?post=6894"},{"taxonomy":"product_tag","embeddable":true,"href":"https:\/\/sepro.vn\/vi\/wp-json\/wp\/v2\/product_tag?post=6894"}],"curies":[{"name":"wp","href":"https:\/\/api.w.org\/{rel}","templated":true}]}}