{"id":5750,"date":"2024-01-15T17:11:24","date_gmt":"2024-01-15T17:11:24","guid":{"rendered":"https:\/\/sepro.vn\/product\/qt-360-cip-non-foaming-alkaline-cleaner\/"},"modified":"2024-08-21T02:20:20","modified_gmt":"2024-08-21T02:20:20","slug":"qt-360-cip-non-foaming-alkaline-cleaner","status":"publish","type":"product","link":"https:\/\/sepro.vn\/vi\/product\/qt-360-cip-non-foaming-alkaline-cleaner\/","title":{"rendered":"CH\u1ea4T T\u1ea8Y R\u1eecA KH\u00d4NG B\u1eccT QT 360 CIP"},"content":{"rendered":"","protected":false},"excerpt":{"rendered":"<p><span style=\"color: #18336c;\"><strong>QT 360<\/strong> l\u00e0 ch\u1ea5t l\u00e0m s\u1ea1ch c\u00f3 t\u00ednh ki\u1ec1m, kh\u00f4ng t\u1ea1o b\u1ecdt, \u0111\u01b0\u1ee3c ch\u1ebf t\u1ea1o \u0111\u1ec3 \u0111\u00e1p \u1ee9ng c\u00e1c y\u00eau c\u1ea7u nghi\u00eam ng\u1eb7t v\u1ec1 l\u00e0m s\u1ea1ch trong ng\u00e0nh d\u01b0\u1ee3c ph\u1ea9m, khoa h\u1ecdc v\u00e0 c\u00f4ng ngh\u1ec7 sinh h\u1ecdc.<\/span><\/p>\n<p><span style=\"color: #18336c;\"><strong>QT 360<\/strong> \u0111\u01b0\u1ee3c ch\u1ebf t\u1ea1o \u0111\u1ec3 s\u1eed d\u1ee5ng trong h\u1ec7 th\u1ed1ng Clean-In-Place (CIP), m\u00e1y phun r\u1eeda \u00e1p l\u1ef1c v\u00e0 thi\u1ebft b\u1ecb l\u00e0m s\u1ea1ch t\u1ef1 \u0111\u1ed9ng \u1edf nhi\u1ec7t \u0111\u1ed9 t\u1eeb 50\u00baC \u0111\u1ebfn 80\u00baC. QT 360 c\u00f3 t\u00e1c d\u1ee5ng r\u1ea5t t\u1ed1t trong vi\u1ec7c lo\u1ea1i b\u1ecf c\u00e1c lo\u1ea1i ch\u1ea5t \u00f4 nhi\u1ec5m tr\u00ean b\u1ec1 m\u1eb7t th\u00e9p kh\u00f4ng g\u1ec9, nh\u1ef1a, k\u00ednh v\u00e0 c\u00e1c b\u1ec1 m\u1eb7t c\u1ee9ng kh\u00e1c ngay c\u1ea3 khi l\u00e0m vi\u1ec7c trong m\u00f4i tr\u01b0\u1eddng n\u01b0\u1edbc c\u1ee9ng. QT 360 c\u00f3 th\u1ec3 l\u00e0m s\u1ea1ch c\u00e1c b\u1ec1 m\u1eb7t \u0111\u1ebfn m\u1ee9c kh\u00f4ng \u0111\u1ec3 l\u1ea1i v\u1ebft b\u1ea9n hay c\u1eb7n d\u01b0 th\u1eeba n\u00e0o. \u0110\u00e2y l\u00e0 m\u1ed9t ch\u1ea5t t\u1ea9y r\u1eeda mang l\u1ea1i hi\u1ec7u qu\u1ea3 cao, ph\u00f9 h\u1ee3p cho vi\u1ec7c l\u00e0m s\u1ea1ch trong m\u00f4i tr\u01b0\u1eddng c\u00f3 ki\u1ec3m so\u00e1t.<\/span><\/p>\n<p>&nbsp;<\/p>\n","protected":false},"featured_media":6133,"comment_status":"open","ping_status":"closed","template":"","meta":[],"product_brand":[],"product_cat":[132,54],"product_tag":[],"class_list":{"0":"post-5750","1":"product","2":"type-product","3":"status-publish","4":"has-post-thumbnail","6":"product_cat-dung-dich-lam-sach-tai-cho-qt-cip","7":"product_cat-quantumtec-cleanroom-disinfections","10":"instock","11":"shipping-taxable","12":"product-type-simple"},"acf":[],"_links":{"self":[{"href":"https:\/\/sepro.vn\/vi\/wp-json\/wp\/v2\/product\/5750","targetHints":{"allow":["GET"]}}],"collection":[{"href":"https:\/\/sepro.vn\/vi\/wp-json\/wp\/v2\/product"}],"about":[{"href":"https:\/\/sepro.vn\/vi\/wp-json\/wp\/v2\/types\/product"}],"replies":[{"embeddable":true,"href":"https:\/\/sepro.vn\/vi\/wp-json\/wp\/v2\/comments?post=5750"}],"version-history":[{"count":5,"href":"https:\/\/sepro.vn\/vi\/wp-json\/wp\/v2\/product\/5750\/revisions"}],"predecessor-version":[{"id":7465,"href":"https:\/\/sepro.vn\/vi\/wp-json\/wp\/v2\/product\/5750\/revisions\/7465"}],"wp:featuredmedia":[{"embeddable":true,"href":"https:\/\/sepro.vn\/vi\/wp-json\/wp\/v2\/media\/6133"}],"wp:attachment":[{"href":"https:\/\/sepro.vn\/vi\/wp-json\/wp\/v2\/media?parent=5750"}],"wp:term":[{"taxonomy":"product_brand","embeddable":true,"href":"https:\/\/sepro.vn\/vi\/wp-json\/wp\/v2\/product_brand?post=5750"},{"taxonomy":"product_cat","embeddable":true,"href":"https:\/\/sepro.vn\/vi\/wp-json\/wp\/v2\/product_cat?post=5750"},{"taxonomy":"product_tag","embeddable":true,"href":"https:\/\/sepro.vn\/vi\/wp-json\/wp\/v2\/product_tag?post=5750"}],"curies":[{"name":"wp","href":"https:\/\/api.w.org\/{rel}","templated":true}]}}