{"id":5574,"date":"2024-01-15T17:07:00","date_gmt":"2024-01-15T17:07:00","guid":{"rendered":"https:\/\/sepro.vn\/product\/3-hydrogen-peroxide-solution-copy\/"},"modified":"2024-08-21T01:41:19","modified_gmt":"2024-08-21T01:41:19","slug":"3-hydrogen-peroxide-solution-copy","status":"publish","type":"product","link":"https:\/\/sepro.vn\/vi\/product\/3-hydrogen-peroxide-solution-copy\/","title":{"rendered":"QT PEROXY NGUY\u00caN CH\u1ea4T (3% Dung d\u1ecbch Hydrogen Peroxide)"},"content":{"rendered":"","protected":false},"excerpt":{"rendered":"<p><span style=\"color: #18336c;\"><strong>QT Peroxy Nguy\u00ean ch\u1ea5t <\/strong>l\u00e0 dung d\u1ecbch \u0111\u01b0\u1ee3c s\u1ea3n xu\u1ea5t c\u00f9ng v\u1edbi N\u01b0\u1edbc c\u1ea5t pha ti\u00eam USP (WFI) v\u00e0 Hydrogen Peroxide 3%. QT Peroxy Nguy\u00ean ch\u1ea5t \u0111\u01b0\u1ee3c \u0111\u1eb7c bi\u1ec7t pha ch\u1ebf \u0111\u1ec3 lo\u1ea1i b\u1ecf c\u1eb7n v\u00e0 l\u00e0m s\u1ea1ch c\u00e1c b\u1ec1 m\u1eb7t c\u1ee9ng kh\u00f4ng th\u1ea9m th\u1ea5u trong ph\u00f2ng s\u1ea1ch v\u00e0 l\u00e0m s\u1ea1ch c\u00e1c m\u00f4i tr\u01b0\u1eddng kh\u00e1c bao g\u1ed3m s\u00e0n nh\u00e0, t\u01b0\u1eddng, thi\u1ebft b\u1ecb, xe \u0111\u1ea9y v\u00e0 b\u00e0n. M\u1ed7i chai \u0111\u01b0\u1ee3c x\u1eed l\u00fd v\u00e0 \u0111\u00f3ng k\u00edn trong m\u00f4i tr\u01b0\u1eddng ph\u00f2ng s\u1ea1ch class 5 ISO.<\/span><\/p>\n<p><span style=\"color: #18336c;\">M\u1ed7i chai \u0111\u01b0\u1ee3c m\u00e3 ho\u00e1 s\u1ed1 v\u00e0 ng\u00e0y h\u1ebft h\u1ea1n \u0111\u1ea3m b\u1ea3o t\u00ednh ngu\u1ed3n g\u1ed1c \u0111\u1ec3 c\u00f3 th\u1ec3 qu\u1ea3n l\u00fd d\u1ec5 d\u00e0ng. C\u00e1c chai \u0111\u01b0\u1ee3c l\u1eafp r\u00e1p \u0111\u1ea7y \u0111\u1ee7 v\u1edbi m\u1ed9t b\u00ecnh x\u1ecbt c\u1ea7m tay kh\u00f4ng c\u00f3 l\u1ed7 th\u00f4ng h\u01a1i, ti\u1ec7n l\u1ee3i v\u1edbi ch\u1ebf \u0111\u1ed9 phun s\u01b0\u01a1ng. H\u1ec7 th\u1ed1ng kh\u00e9p k\u00ednh gi\u1eef nguy\u00ean t\u00ednh v\u00f4 tr\u00f9ng trong su\u1ed1t qu\u00e1 tr\u00ecnh s\u1eed d\u1ee5ng s\u1ea3n ph\u1ea9m. T\u1ea5t c\u1ea3 s\u1ea3n ph\u1ea9m v\u00f4 tr\u00f9ng \u0111\u1ec1u \u0111\u01b0\u1ee3c \u0111\u00f3ng g\u00f3i trong t\u00fai poly 2 l\u1edbp v\u00e0 \u0111\u1ea3m b\u1ea3o k\u00edn.<\/span><\/p>\n","protected":false},"featured_media":5672,"comment_status":"open","ping_status":"closed","template":"","meta":[],"product_brand":[],"product_cat":[129,54],"product_tag":[],"class_list":{"0":"post-5574","1":"product","2":"type-product","3":"status-publish","4":"has-post-thumbnail","6":"product_cat-dung-dich-peroxy-nguyen-chat","7":"product_cat-quantumtec-cleanroom-disinfections","10":"instock","11":"shipping-taxable","12":"product-type-simple"},"acf":[],"_links":{"self":[{"href":"https:\/\/sepro.vn\/vi\/wp-json\/wp\/v2\/product\/5574","targetHints":{"allow":["GET"]}}],"collection":[{"href":"https:\/\/sepro.vn\/vi\/wp-json\/wp\/v2\/product"}],"about":[{"href":"https:\/\/sepro.vn\/vi\/wp-json\/wp\/v2\/types\/product"}],"replies":[{"embeddable":true,"href":"https:\/\/sepro.vn\/vi\/wp-json\/wp\/v2\/comments?post=5574"}],"version-history":[{"count":13,"href":"https:\/\/sepro.vn\/vi\/wp-json\/wp\/v2\/product\/5574\/revisions"}],"predecessor-version":[{"id":7453,"href":"https:\/\/sepro.vn\/vi\/wp-json\/wp\/v2\/product\/5574\/revisions\/7453"}],"wp:featuredmedia":[{"embeddable":true,"href":"https:\/\/sepro.vn\/vi\/wp-json\/wp\/v2\/media\/5672"}],"wp:attachment":[{"href":"https:\/\/sepro.vn\/vi\/wp-json\/wp\/v2\/media?parent=5574"}],"wp:term":[{"taxonomy":"product_brand","embeddable":true,"href":"https:\/\/sepro.vn\/vi\/wp-json\/wp\/v2\/product_brand?post=5574"},{"taxonomy":"product_cat","embeddable":true,"href":"https:\/\/sepro.vn\/vi\/wp-json\/wp\/v2\/product_cat?post=5574"},{"taxonomy":"product_tag","embeddable":true,"href":"https:\/\/sepro.vn\/vi\/wp-json\/wp\/v2\/product_tag?post=5574"}],"curies":[{"name":"wp","href":"https:\/\/api.w.org\/{rel}","templated":true}]}}