{"id":5556,"date":"2024-01-15T16:56:03","date_gmt":"2024-01-15T16:56:03","guid":{"rendered":"https:\/\/sepro.vn\/product\/qt-pre-satureted-polyester-wipers-140-gsm\/"},"modified":"2024-08-20T07:55:20","modified_gmt":"2024-08-20T07:55:20","slug":"qt-pre-satureted-polyester-wipers-140-gsm","status":"publish","type":"product","link":"https:\/\/sepro.vn\/vi\/product\/qt-pre-satureted-polyester-wipers-140-gsm\/","title":{"rendered":"QT KH\u0102N LAU POLYESTER 140 GSM"},"content":{"rendered":"","protected":false},"excerpt":{"rendered":"<p><span style=\"color: #18336c;\">Kh\u0103n lau 100% Polyester v\u1edbi c\u00e1c c\u1ea1nh \u0111\u01b0\u1ee3c c\u1eaft\u00a0 b\u1eb1ng tia laser v\u00e0 k\u1ebft d\u00ednh s\u1ee3i fiber \u0111\u1ec3 t\u1ea1o ra s\u1ea3n ph\u1ea9m s\u1ea1ch, kh\u00f4ng b\u1ecb m\u00e0i m\u00f2n v\u00e0 kh\u00f4ng g\u00e2y tr\u1ea7y. Kh\u0103n lau 100% Polyester c\u00f3 h\u00e0m l\u01b0\u1ee3ng h\u1ea1t v\u00e0 c\u1eb7n b\u1ee5i c\u00f3 th\u1ec3 tho\u00e1t ra ngo\u00e0i l\u00e0 r\u1ea5t th\u1ea5p, l\u00e0 l\u1ef1a ch\u1ecdn l\u00fd t\u01b0\u1edfng cho vi\u1ec7c l\u00e0m s\u1ea1ch trong khu v\u1ef1c v\u00f4 tr\u00f9ng v\u00e0 lau ch\u00f9i th\u00f4ng d\u1ee5ng. Kh\u0103n lau 100% Polyester \u0111\u00e3 \u0111\u01b0\u1ee3c t\u1ea9m v\u1edbi c\u00e1c dung d\u1ecbch bao g\u1ed3m 70% IPA, 70% SDA, 0.52% v\u00e0 5.25% Natri Hypochlorite, 6% Hydrogen Peroxide v\u00e0 Detergent RTU.<\/span><\/p>\n<p><strong><span style=\"color: #18336c;\">Kh\u0103n lau Polyester 140gsm<\/span><\/strong><br \/>\n<span style=\"color: #18336c;\">Kh\u0103n lau Polyester 140gsm l\u00e0 lo\u1ea1i v\u1ea3i d\u1ea1ng s\u1ee3i li\u00ean t\u1ee5c, d\u1ec7t kim k\u00e9p t\u1eeb 100% s\u1ee3i polyester. B\u1ed1n c\u1ea1nh c\u1ee7a kh\u0103n lau \u0111\u01b0\u1ee3c c\u1eaft b\u1eb1ng tia laser ng\u0103n ch\u1eb7n vi\u1ec7c x\u01b0\u1edbc hay tu\u1ed9t s\u1ee3i v\u1ea3i. \u0110\u1ea3m b\u1ea3o kh\u00f4ng g\u00e2y x\u01a1 b\u1ee5i.<\/span><\/p>\n","protected":false},"featured_media":5636,"comment_status":"open","ping_status":"closed","template":"","meta":[],"product_brand":[],"product_cat":[54,128],"product_tag":[],"class_list":{"0":"post-5556","1":"product","2":"type-product","3":"status-publish","4":"has-post-thumbnail","6":"product_cat-quantumtec-cleanroom-disinfections","7":"product_cat-khan-lau-tam-hoa-chat","10":"instock","11":"shipping-taxable","12":"product-type-simple"},"acf":[],"_links":{"self":[{"href":"https:\/\/sepro.vn\/vi\/wp-json\/wp\/v2\/product\/5556","targetHints":{"allow":["GET"]}}],"collection":[{"href":"https:\/\/sepro.vn\/vi\/wp-json\/wp\/v2\/product"}],"about":[{"href":"https:\/\/sepro.vn\/vi\/wp-json\/wp\/v2\/types\/product"}],"replies":[{"embeddable":true,"href":"https:\/\/sepro.vn\/vi\/wp-json\/wp\/v2\/comments?post=5556"}],"version-history":[{"count":7,"href":"https:\/\/sepro.vn\/vi\/wp-json\/wp\/v2\/product\/5556\/revisions"}],"predecessor-version":[{"id":7449,"href":"https:\/\/sepro.vn\/vi\/wp-json\/wp\/v2\/product\/5556\/revisions\/7449"}],"wp:featuredmedia":[{"embeddable":true,"href":"https:\/\/sepro.vn\/vi\/wp-json\/wp\/v2\/media\/5636"}],"wp:attachment":[{"href":"https:\/\/sepro.vn\/vi\/wp-json\/wp\/v2\/media?parent=5556"}],"wp:term":[{"taxonomy":"product_brand","embeddable":true,"href":"https:\/\/sepro.vn\/vi\/wp-json\/wp\/v2\/product_brand?post=5556"},{"taxonomy":"product_cat","embeddable":true,"href":"https:\/\/sepro.vn\/vi\/wp-json\/wp\/v2\/product_cat?post=5556"},{"taxonomy":"product_tag","embeddable":true,"href":"https:\/\/sepro.vn\/vi\/wp-json\/wp\/v2\/product_tag?post=5556"}],"curies":[{"name":"wp","href":"https:\/\/api.w.org\/{rel}","templated":true}]}}