{"id":5540,"date":"2024-01-15T16:52:30","date_gmt":"2024-01-15T16:52:30","guid":{"rendered":"https:\/\/sepro.vn\/product\/qt-sda-70-specially-denatured-ethanol-with-methanol\/"},"modified":"2024-08-21T02:09:36","modified_gmt":"2024-08-21T02:09:36","slug":"qt-sda-70-specially-denatured-ethanol-with-methanol","status":"publish","type":"product","link":"https:\/\/sepro.vn\/vi\/product\/qt-sda-70-specially-denatured-ethanol-with-methanol\/","title":{"rendered":"QT SDA (70% Bi\u1ebfn \u0111\u1ed5i \u0110\u1eb7c bi\u1ec7t v\u1edbi Methanol)"},"content":{"rendered":"","protected":false},"excerpt":{"rendered":"<p><span style=\"color: #18336c;\"><strong>QT 70 SDA<\/strong> l\u00e0 m\u1ed9t ch\u1ea5t kh\u1eed tr\u00f9ng \u0111a n\u0103ng \u0111\u01b0\u1ee3c s\u1eed d\u1ee5ng trong m\u00f4i tr\u01b0\u1eddng c\u00f3 ki\u1ec3m so\u00e1t. QT 70 SDA l\u00e0 m\u1ed9t h\u1ed7n h\u1ee3p ch\u1ee9a 70% Ethanol \u0111\u1eb7c v\u1edbi Methanol v\u00e0 30% USP WFI \u0111\u01b0\u1ee3c l\u1ecdc \u0111\u1ebfn 0.22 micron. V\u00e0 \u0111\u01b0\u1ee3c kh\u1eed tr\u00f9ng b\u1eb1ng tia gamma \u0111\u1ec3 \u0111\u1ea3m b\u1ea3o m\u1ee9c \u0111\u1ed9 an to\u00e0n v\u1ec7 sinh (SAL) \u1edf m\u1ee9c 10<sup>-6<\/sup>.<\/span><\/p>\n<p><span style=\"color: #18336c;\">M\u1ed7i chai \u0111\u01b0\u1ee3c m\u00e3 ho\u00e1 s\u1ed1 v\u00e0 ng\u00e0y h\u1ebft h\u1ea1n \u0111\u1ea3m b\u1ea3o t\u00ednh ngu\u1ed3n g\u1ed1c \u0111\u1ec3 c\u00f3 th\u1ec3 qu\u1ea3n l\u00fd d\u1ec5 d\u00e0ng. C\u00e1c chai \u0111\u01b0\u1ee3c l\u1eafp r\u00e1p \u0111\u1ea7y \u0111\u1ee7 v\u1edbi m\u1ed9t b\u00ecnh x\u1ecbt c\u1ea7m tay kh\u00f4ng c\u00f3 l\u1ed7 th\u00f4ng h\u01a1i, ti\u1ec7n l\u1ee3i v\u1edbi ch\u1ebf \u0111\u1ed9 phun s\u01b0\u01a1ng. H\u1ec7 th\u1ed1ng kh\u00e9p k\u00ednh gi\u1eef nguy\u00ean t\u00ednh v\u00f4 tr\u00f9ng trong su\u1ed1t qu\u00e1 tr\u00ecnh s\u1eed d\u1ee5ng s\u1ea3n ph\u1ea9m. T\u1ea5t c\u1ea3 s\u1ea3n ph\u1ea9m v\u00f4 tr\u00f9ng \u0111\u1ec1u \u0111\u01b0\u1ee3c \u0111\u00f3ng g\u00f3i trong t\u00fai poly 2 l\u1edbp v\u00e0 \u0111\u1ea3m b\u1ea3o k\u00edn.<\/span><\/p>\n","protected":false},"featured_media":6781,"comment_status":"open","ping_status":"closed","template":"","meta":[],"product_brand":[],"product_cat":[131,54],"product_tag":[],"class_list":{"0":"post-5540","1":"product","2":"type-product","3":"status-publish","4":"has-post-thumbnail","6":"product_cat-dung-dich-qt-sda","7":"product_cat-quantumtec-cleanroom-disinfections","10":"instock","11":"shipping-taxable","12":"product-type-simple"},"acf":[],"_links":{"self":[{"href":"https:\/\/sepro.vn\/vi\/wp-json\/wp\/v2\/product\/5540","targetHints":{"allow":["GET"]}}],"collection":[{"href":"https:\/\/sepro.vn\/vi\/wp-json\/wp\/v2\/product"}],"about":[{"href":"https:\/\/sepro.vn\/vi\/wp-json\/wp\/v2\/types\/product"}],"replies":[{"embeddable":true,"href":"https:\/\/sepro.vn\/vi\/wp-json\/wp\/v2\/comments?post=5540"}],"version-history":[{"count":9,"href":"https:\/\/sepro.vn\/vi\/wp-json\/wp\/v2\/product\/5540\/revisions"}],"predecessor-version":[{"id":7460,"href":"https:\/\/sepro.vn\/vi\/wp-json\/wp\/v2\/product\/5540\/revisions\/7460"}],"wp:featuredmedia":[{"embeddable":true,"href":"https:\/\/sepro.vn\/vi\/wp-json\/wp\/v2\/media\/6781"}],"wp:attachment":[{"href":"https:\/\/sepro.vn\/vi\/wp-json\/wp\/v2\/media?parent=5540"}],"wp:term":[{"taxonomy":"product_brand","embeddable":true,"href":"https:\/\/sepro.vn\/vi\/wp-json\/wp\/v2\/product_brand?post=5540"},{"taxonomy":"product_cat","embeddable":true,"href":"https:\/\/sepro.vn\/vi\/wp-json\/wp\/v2\/product_cat?post=5540"},{"taxonomy":"product_tag","embeddable":true,"href":"https:\/\/sepro.vn\/vi\/wp-json\/wp\/v2\/product_tag?post=5540"}],"curies":[{"name":"wp","href":"https:\/\/api.w.org\/{rel}","templated":true}]}}