{"id":5528,"date":"2024-01-15T17:12:22","date_gmt":"2024-01-15T17:12:22","guid":{"rendered":"https:\/\/sepro.vn\/product\/qt-360-cip-non-foaming-acidic-cleaner\/"},"modified":"2024-08-21T02:21:24","modified_gmt":"2024-08-21T02:21:24","slug":"qt-360-cip-non-foaming-acidic-cleaner","status":"publish","type":"product","link":"https:\/\/sepro.vn\/vi\/product\/qt-360-cip-non-foaming-acidic-cleaner\/","title":{"rendered":"CH\u1ea4T T\u1ea8Y R\u1eecA KH\u00d4NG B\u1eccT QT 361 CIP"},"content":{"rendered":"","protected":false},"excerpt":{"rendered":"<p><span style=\"color: #18336c;\"><strong>QT 361<\/strong> l\u00e0 ch\u1ea5t l\u00e0m s\u1ea1ch c\u00f3 t\u00ednh axit, kh\u00f4ng t\u1ea1o b\u1ecdt, \u0111\u01b0\u1ee3c ch\u1ebf t\u1ea1o \u0111\u1ec3 \u0111\u00e1p \u1ee9ng c\u00e1c y\u00eau c\u1ea7u nghi\u00eam ng\u1eb7t v\u1ec1 l\u00e0m s\u1ea1ch trong ng\u00e0nh d\u01b0\u1ee3c ph\u1ea9m, khoa h\u1ecdc v\u00e0 c\u00f4ng ngh\u1ec7 sinh h\u1ecdc. QT 361 kh\u00f4ng t\u1ea1o b\u1ecdt, kh\u00f4ng g\u00e2y \u00f4 nhi\u1ec5m, kh\u00f4ng m\u00f9i, c\u00f3 t\u00e1c d\u1ee5ng r\u1ea5t t\u1ed1t trong vi\u1ec7c lo\u1ea1i b\u1ecf c\u00e1c ch\u1ea5t b\u1ea9n v\u00f4 c\u01a1, c\u1eb7n n\u01b0\u1edbc c\u1ee9ng hay kho\u00e1ng ch\u1ea5t.<\/span><\/p>\n<p><span style=\"color: #18336c;\"><strong>QT 361<\/strong> kh\u00f4ng g\u00e2y h\u1ea1i khi s\u1eed d\u1ee5ng tr\u00ean c\u00e1c b\u1ec1 m\u1eb7t th\u00e9p kh\u00f4ng g\u1ec9, g\u1ed1m, s\u1ee9, g\u1ea1ch terrazzo. QT 361 l\u00e0 m\u1ed9t l\u1ef1a ch\u1ecdn t\u1ed1t trong vi\u1ec7c l\u00e0m s\u1ea1ch \u1edf nh\u1eefng m\u00f4i tr\u01b0\u1eddng kh\u00f4ng ph\u00f9 h\u1ee3p v\u1edbi vi\u1ec7c t\u1ea1o b\u1ecdt.<\/span><\/p>\n","protected":false},"featured_media":6135,"comment_status":"open","ping_status":"closed","template":"","meta":[],"product_brand":[],"product_cat":[132,54],"product_tag":[],"class_list":{"0":"post-5528","1":"product","2":"type-product","3":"status-publish","4":"has-post-thumbnail","6":"product_cat-dung-dich-lam-sach-tai-cho-qt-cip","7":"product_cat-quantumtec-cleanroom-disinfections","10":"instock","11":"shipping-taxable","12":"product-type-simple"},"acf":[],"_links":{"self":[{"href":"https:\/\/sepro.vn\/vi\/wp-json\/wp\/v2\/product\/5528","targetHints":{"allow":["GET"]}}],"collection":[{"href":"https:\/\/sepro.vn\/vi\/wp-json\/wp\/v2\/product"}],"about":[{"href":"https:\/\/sepro.vn\/vi\/wp-json\/wp\/v2\/types\/product"}],"replies":[{"embeddable":true,"href":"https:\/\/sepro.vn\/vi\/wp-json\/wp\/v2\/comments?post=5528"}],"version-history":[{"count":6,"href":"https:\/\/sepro.vn\/vi\/wp-json\/wp\/v2\/product\/5528\/revisions"}],"predecessor-version":[{"id":7466,"href":"https:\/\/sepro.vn\/vi\/wp-json\/wp\/v2\/product\/5528\/revisions\/7466"}],"wp:featuredmedia":[{"embeddable":true,"href":"https:\/\/sepro.vn\/vi\/wp-json\/wp\/v2\/media\/6135"}],"wp:attachment":[{"href":"https:\/\/sepro.vn\/vi\/wp-json\/wp\/v2\/media?parent=5528"}],"wp:term":[{"taxonomy":"product_brand","embeddable":true,"href":"https:\/\/sepro.vn\/vi\/wp-json\/wp\/v2\/product_brand?post=5528"},{"taxonomy":"product_cat","embeddable":true,"href":"https:\/\/sepro.vn\/vi\/wp-json\/wp\/v2\/product_cat?post=5528"},{"taxonomy":"product_tag","embeddable":true,"href":"https:\/\/sepro.vn\/vi\/wp-json\/wp\/v2\/product_tag?post=5528"}],"curies":[{"name":"wp","href":"https:\/\/api.w.org\/{rel}","templated":true}]}}