{"id":4605,"date":"2019-11-25T10:18:42","date_gmt":"2019-11-25T10:18:42","guid":{"rendered":"http:\/\/sepro.local\/contact-us\/"},"modified":"2026-04-22T09:15:25","modified_gmt":"2026-04-22T09:15:25","slug":"lien-he","status":"publish","type":"page","link":"https:\/\/sepro.vn\/vi\/lien-he\/","title":{"rendered":"Li\u00ean H\u1ec7"},"content":{"rendered":"<h2>Th\u00f4ng tin SEPRO<\/h2>\n<h2>\u0110\u1ecba ch\u1ec9<\/h2>\n<p>L\u1ea7u 2, The Peak &#8211; M8, Midtown Ph\u00fa M\u1ef9 H\u01b0ng, T\u00e2n Ph\u00fa, Q7, TP.HCM<\/p>\n<h2>Li\u00ean h\u1ec7<\/h2>\n<p>H\u1ed7 Tr\u1ee3 24\/7<br \/>\n(84) 96 825 5675<\/p>\n<h2>Email<\/h2>\n<p>fin@sepro.vn<\/p>\n<div class=\"themetechmount-social-links-wrapper\"><ul class=\"social-icons\"><li class=\"tm-social-facebook\"><a class=\" tooltip-top\" target=\"_blank\" href=\"https:\/\/www.facebook.com\/profile.php?id=61557851430318\" data-tooltip=\"Facebook\" rel=\"noopener\"><i class=\"tm-labpeak-icon-facebook\"><\/i><\/a><\/li>\n<li class=\"tm-social-twitter\"><a class=\" tooltip-top\" target=\"_blank\" href=\"#https:\/\/twitter.com\/SeproEcoClean\" data-tooltip=\"Twitter\"><i class=\"tm-labpeak-icon-twitter\"><\/i><\/a><\/li>\n<li class=\"tm-social-linkedin\"><a class=\" tooltip-top\" target=\"_blank\" href=\"https:\/\/www.linkedin.com\/company\/sepro-eco-clean-company-limited\" data-tooltip=\"LinkedIn\" rel=\"noopener\"><i class=\"tm-labpeak-icon-linkedin\"><\/i><\/a><\/li>\n<li class=\"tm-social-instagram\"><a class=\" tooltip-top\" target=\"_blank\" href=\"https:\/\/www.instagram.com\/seproecoclean\/\" data-tooltip=\"Instagram\" rel=\"noopener\"><i class=\"tm-labpeak-icon-instagram\"><\/i><\/a><\/li>\n<\/ul><\/div>\n<h4>Li\u00ean h\u1ec7 v\u1edbi sepro<\/h4>\n<h2>Kh\u00f4ng s\u1eed d\u1ee5ng bi\u1ec3u m\u1eabu n\u00e0y cho th\u00f4ng tin c\u00e1 nh\u00e2n<\/h2>\n<p>\n<div class=\"wpcf7 no-js\" id=\"wpcf7-f9776-o1\" lang=\"en-US\" dir=\"ltr\" data-wpcf7-id=\"9776\">\n<div class=\"screen-reader-response\"><p role=\"status\" aria-live=\"polite\" aria-atomic=\"true\"><\/p> <ul><\/ul><\/div>\n<form action=\"\/vi\/wp-json\/wp\/v2\/pages\/4605#wpcf7-f9776-o1\" method=\"post\" class=\"wpcf7-form init\" aria-label=\"Contact form\" novalidate=\"novalidate\" data-status=\"init\">\n<fieldset class=\"hidden-fields-container\"><input type=\"hidden\" name=\"_wpcf7\" value=\"9776\" \/><input type=\"hidden\" name=\"_wpcf7_version\" value=\"6.1.5\" \/><input type=\"hidden\" name=\"_wpcf7_locale\" value=\"en_US\" \/><input type=\"hidden\" name=\"_wpcf7_unit_tag\" value=\"wpcf7-f9776-o1\" \/><input type=\"hidden\" name=\"_wpcf7_container_post\" value=\"0\" \/><input type=\"hidden\" name=\"_wpcf7_posted_data_hash\" value=\"\" \/><input type=\"hidden\" name=\"_wpcf7_recaptcha_response\" value=\"\" \/>\n<\/fieldset>\n<p><label> Your name<br \/>\n<span class=\"wpcf7-form-control-wrap\" data-name=\"your-name\"><input size=\"40\" maxlength=\"400\" class=\"wpcf7-form-control wpcf7-text wpcf7-validates-as-required\" autocomplete=\"name\" aria-required=\"true\" aria-invalid=\"false\" value=\"\" type=\"text\" name=\"your-name\" \/><\/span> <\/label>\n<\/p>\n<p><label> Your email<br \/>\n<span class=\"wpcf7-form-control-wrap\" data-name=\"your-email\"><input size=\"40\" maxlength=\"400\" class=\"wpcf7-form-control wpcf7-email wpcf7-validates-as-required wpcf7-text wpcf7-validates-as-email\" autocomplete=\"email\" aria-required=\"true\" aria-invalid=\"false\" value=\"\" type=\"email\" name=\"your-email\" \/><\/span> <\/label>\n<\/p>\n<p><label> Subject<br \/>\n<span class=\"wpcf7-form-control-wrap\" data-name=\"your-subject\"><input size=\"40\" maxlength=\"400\" class=\"wpcf7-form-control wpcf7-text wpcf7-validates-as-required\" aria-required=\"true\" aria-invalid=\"false\" value=\"\" type=\"text\" name=\"your-subject\" \/><\/span> <\/label>\n<\/p>\n<p><label> Your message (optional)<br \/>\n<span class=\"wpcf7-form-control-wrap\" data-name=\"your-message\"><textarea cols=\"40\" rows=\"10\" maxlength=\"2000\" class=\"wpcf7-form-control wpcf7-textarea\" aria-invalid=\"false\" name=\"your-message\"><\/textarea><\/span> <\/label><br \/>\n<br \/>\n<span id=\"wpcf7-6a059dec205b8-wrapper\" class=\"wpcf7-form-control-wrap website-url-wrap\" style=\"display:none !important; visibility:hidden !important;\"><label for=\"wpcf7-6a059dec205b8-field\" class=\"hp-message\">Please leave this field empty.<\/label><input id=\"wpcf7-6a059dec205b8-field\"  class=\"wpcf7-form-control wpcf7-text\" type=\"text\" name=\"website-url\" value=\"\" size=\"40\" tabindex=\"-1\" autocomplete=\"new-password\" \/><\/span>\n<\/p>\n<p><input class=\"wpcf7-form-control wpcf7-submit has-spinner\" type=\"submit\" value=\"Submit\" \/>\n<\/p><div class=\"wpcf7-response-output\" aria-hidden=\"true\"><\/div>\n<\/form>\n<\/div>\n<br \/>\n<iframe title=\"sepro eco clean M8, T\u00e2n ph\u00fa, Ph\u00fa M\u1ef9 H\u01b0ng Qu\u1eadn 7\" src=\"https:\/\/maps.google.com\/maps?q=sepro%20eco%20clean%20M8%2C%20T%C3%A2n%20ph%C3%BA%2C%20Ph%C3%BA%20M%E1%BB%B9%20H%C6%B0ng%20Qu%E1%BA%ADn%207&amp;t=m&amp;z=16&amp;output=embed&amp;iwloc=near\" aria-label=\"sepro eco clean M8, T\u00e2n ph\u00fa, Ph\u00fa M\u1ef9 H\u01b0ng Qu\u1eadn 7\"><\/iframe><\/p>\n","protected":false},"excerpt":{"rendered":"<p>Th\u00f4ng tin SEPRO \u0110\u1ecba ch\u1ec9 L\u1ea7u 2, The Peak &#8211; M8, Midtown Ph\u00fa M\u1ef9 H\u01b0ng, T\u00e2n Ph\u00fa, Q7, TP.HCM Li\u00ean h\u1ec7 H\u1ed7 Tr\u1ee3 24\/7 (84) 96 825 5675 Email fin@sepro.vn Li\u00ean h\u1ec7 v\u1edbi sepro Kh\u00f4ng s\u1eed d\u1ee5ng bi\u1ec3u m\u1eabu n\u00e0y cho th\u00f4ng tin c\u00e1 nh\u00e2n<\/p>\n","protected":false},"author":1,"featured_media":0,"parent":0,"menu_order":0,"comment_status":"closed","ping_status":"closed","template":"","meta":{"footnotes":""},"class_list":["post-4605","page","type-page","status-publish","hentry"],"acf":[],"_links":{"self":[{"href":"https:\/\/sepro.vn\/vi\/wp-json\/wp\/v2\/pages\/4605","targetHints":{"allow":["GET"]}}],"collection":[{"href":"https:\/\/sepro.vn\/vi\/wp-json\/wp\/v2\/pages"}],"about":[{"href":"https:\/\/sepro.vn\/vi\/wp-json\/wp\/v2\/types\/page"}],"author":[{"embeddable":true,"href":"https:\/\/sepro.vn\/vi\/wp-json\/wp\/v2\/users\/1"}],"replies":[{"embeddable":true,"href":"https:\/\/sepro.vn\/vi\/wp-json\/wp\/v2\/comments?post=4605"}],"version-history":[{"count":27,"href":"https:\/\/sepro.vn\/vi\/wp-json\/wp\/v2\/pages\/4605\/revisions"}],"predecessor-version":[{"id":9789,"href":"https:\/\/sepro.vn\/vi\/wp-json\/wp\/v2\/pages\/4605\/revisions\/9789"}],"wp:attachment":[{"href":"https:\/\/sepro.vn\/vi\/wp-json\/wp\/v2\/media?parent=4605"}],"curies":[{"name":"wp","href":"https:\/\/api.w.org\/{rel}","templated":true}]}}